{"id":58,"date":"2024-07-04T11:35:13","date_gmt":"2024-07-04T09:35:13","guid":{"rendered":"https:\/\/aepcna.fr\/site\/?page_id=58"},"modified":"2024-12-20T12:43:03","modified_gmt":"2024-12-20T11:43:03","slug":"politique-de-confidentialite","status":"publish","type":"page","link":"https:\/\/aepcna.fr\/site\/politique-de-confidentialite\/","title":{"rendered":"Politique de confidentialit\u00e9"},"content":{"rendered":"\t\t<div data-elementor-type=\"wp-page\" data-elementor-id=\"58\" class=\"elementor elementor-58\">\n\t\t\t\t<div class=\"elementor-element elementor-element-792628e e-flex e-con-boxed e-con e-parent\" data-id=\"792628e\" data-element_type=\"container\" data-e-type=\"container\">\n\t\t\t\t\t<div class=\"e-con-inner\">\n\t\t\t\t<div class=\"elementor-element elementor-element-d11bb98 elementor-widget elementor-widget-spacer\" data-id=\"d11bb98\" data-element_type=\"widget\" data-e-type=\"widget\" data-widget_type=\"spacer.default\">\n\t\t\t\t<div class=\"elementor-widget-container\">\n\t\t\t\t\t\t\t<div class=\"elementor-spacer\">\n\t\t\t<div class=\"elementor-spacer-inner\"><\/div>\n\t\t<\/div>\n\t\t\t\t\t\t<\/div>\n\t\t\t\t<\/div>\n\t\t\t\t\t<\/div>\n\t\t\t\t<\/div>\n\t\t<div class=\"elementor-element elementor-element-92c5bd9 e-flex e-con-boxed e-con e-parent\" data-id=\"92c5bd9\" data-element_type=\"container\" data-e-type=\"container\">\n\t\t\t\t\t<div class=\"e-con-inner\">\n\t\t\t\t<div class=\"elementor-element elementor-element-815decd elementor-widget elementor-widget-text-editor\" data-id=\"815decd\" data-element_type=\"widget\" data-e-type=\"widget\" data-widget_type=\"text-editor.default\">\n\t\t\t\t<div class=\"elementor-widget-container\">\n\t\t\t\t\t\t\t\t\t<p><b>COLLECTE DE VOS INFORMATIONS<\/b><\/p><p>L\u2019AEPC NA collecte des informations lorsque vous remplissez nos formulaires de contact et de demande d&rsquo;adh\u00e9sion.<\/p><p>Nous pouvons collecter les informations suivantes\u00a0: votre pr\u00e9nom, votre nom, votre fonction, le nom de votre entreprise, et les coordonn\u00e9es que vous nous communiquez (adresse email, num\u00e9ro de t\u00e9l\u00e9phone, adresse, localit\u00e9).<\/p>\t\t\t\t\t\t\t\t<\/div>\n\t\t\t\t<\/div>\n\t\t\t\t\t<\/div>\n\t\t\t\t<\/div>\n\t\t<div class=\"elementor-element elementor-element-bce6c28 e-flex e-con-boxed e-con e-parent\" data-id=\"bce6c28\" data-element_type=\"container\" data-e-type=\"container\">\n\t\t\t\t\t<div class=\"e-con-inner\">\n\t\t\t\t<div class=\"elementor-element elementor-element-fc59c55 elementor-widget elementor-widget-text-editor\" data-id=\"fc59c55\" data-element_type=\"widget\" data-e-type=\"widget\" data-widget_type=\"text-editor.default\">\n\t\t\t\t<div class=\"elementor-widget-container\">\n\t\t\t\t\t\t\t\t\t<p><strong>GESTION DES COOKIES<\/strong><\/p><p>Nous utilisons des cookies uniquement \u00e0 des fins statistiques. En cliquant sur Accepter, vous acceptez l\u2019utilisation des cookies.<\/p>\t\t\t\t\t\t\t\t<\/div>\n\t\t\t\t<\/div>\n\t\t\t\t\t<\/div>\n\t\t\t\t<\/div>\n\t\t<div class=\"elementor-element elementor-element-d8bc6d9 e-flex e-con-boxed e-con e-parent\" data-id=\"d8bc6d9\" data-element_type=\"container\" data-e-type=\"container\">\n\t\t\t\t\t<div class=\"e-con-inner\">\n\t\t\t\t<div class=\"elementor-element elementor-element-6c699e4 elementor-widget elementor-widget-text-editor\" data-id=\"6c699e4\" data-element_type=\"widget\" data-e-type=\"widget\" data-widget_type=\"text-editor.default\">\n\t\t\t\t<div class=\"elementor-widget-container\">\n\t\t\t\t\t\t\t\t\t<p><strong>UTILISATION DE VOS INFORMATIONS<\/strong><\/p><p>Toutes les informations que nous recueillons de votre part peuvent \u00eatre utilis\u00e9es pour\u00a0:<\/p><ul><li>Vous envoyer notre newsletter ou des informations sur la vie l&rsquo;association<\/li><li>Collecter et \u00e9tablir des statistiques pour am\u00e9liorer nos campagnes d\u2019information et d\u2019\u00e9largissement de l\u2019audience de notre association.<\/li><\/ul>\t\t\t\t\t\t\t\t<\/div>\n\t\t\t\t<\/div>\n\t\t\t\t\t<\/div>\n\t\t\t\t<\/div>\n\t\t<div class=\"elementor-element elementor-element-9aee693 e-flex e-con-boxed e-con e-parent\" data-id=\"9aee693\" data-element_type=\"container\" data-e-type=\"container\">\n\t\t\t\t\t<div class=\"e-con-inner\">\n\t\t\t\t<div class=\"elementor-element elementor-element-d0dbd81 elementor-widget elementor-widget-text-editor\" data-id=\"d0dbd81\" data-element_type=\"widget\" data-e-type=\"widget\" data-widget_type=\"text-editor.default\">\n\t\t\t\t<div class=\"elementor-widget-container\">\n\t\t\t\t\t\t\t\t\t<p><strong>CONFIDENTIALITE DE VOS DONNEES<\/strong><\/p><p>L\u2019AEPC NA est la seule propri\u00e9taire des informations recueillies sur son site. Vos informations personnelles ne seront pas vendues, \u00e9chang\u00e9es, transf\u00e9r\u00e9es, ou communiqu\u00e9es \u00e0 une autre entit\u00e9 pour quelque motif que ce soit, sans votre accord pr\u00e9alable.<\/p><p>Seules des tierces parties de confiance, qui participent \u00e0 l\u2019exploitation de notre site internet ou \u00e0 l\u2019administration de notre association et ayant sign\u00e9 un accord de confidentialit\u00e9 \u00e9chappent \u00e0 cette r\u00e8gle.<\/p>\t\t\t\t\t\t\t\t<\/div>\n\t\t\t\t<\/div>\n\t\t\t\t\t<\/div>\n\t\t\t\t<\/div>\n\t\t<div class=\"elementor-element elementor-element-eb88e80 e-flex e-con-boxed e-con e-parent\" data-id=\"eb88e80\" data-element_type=\"container\" data-e-type=\"container\">\n\t\t\t\t\t<div class=\"e-con-inner\">\n\t\t\t\t<div class=\"elementor-element elementor-element-a55c420 elementor-widget elementor-widget-text-editor\" data-id=\"a55c420\" data-element_type=\"widget\" data-e-type=\"widget\" data-widget_type=\"text-editor.default\">\n\t\t\t\t<div class=\"elementor-widget-container\">\n\t\t\t\t\t\t\t\t\t<p><strong>PROTECTION DE VOS INFORMATIONS<\/strong><\/p><p>Nous mettons en \u0153uvre des mesures pour pr\u00e9server la s\u00e9curit\u00e9 de vos informations personnelles et notre site internet poss\u00e8de un Certificat SSL (Secure Socket Layer) identifiable dans la barre d\u2019adresse de votre navigateur par le cadenas ferm\u00e9 devant\u00a0<a href=\"https:\/\/aepcna.fr\" target=\"_blank\" rel=\"noopener\">https:\/\/aepcna.fr<\/a><\/p><p>Nous prot\u00e9geons \u00e9galement vos informations hors ligne. Seuls les personnels autoris\u00e9s de l\u2019association ont acc\u00e8s aux informations personnelles identifiables. Les ordinateurs et serveurs utilis\u00e9s pour stocker des informations personnelles identifiables sont conserv\u00e9s dans un environnement s\u00e9curis\u00e9 par notre h\u00e9bergeur.<\/p><p>Les donn\u00e9es personnelles de certains clubs peuvent \u00eatre mises \u00e0 la disposition des autres membres du m\u00eame club, apr\u00e8s accord pr\u00e9alable de chacun des membres.<\/p>\t\t\t\t\t\t\t\t<\/div>\n\t\t\t\t<\/div>\n\t\t\t\t\t<\/div>\n\t\t\t\t<\/div>\n\t\t<div class=\"elementor-element elementor-element-09269a2 e-flex e-con-boxed e-con e-parent\" data-id=\"09269a2\" data-element_type=\"container\" data-e-type=\"container\">\n\t\t\t\t\t<div class=\"e-con-inner\">\n\t\t\t\t<div class=\"elementor-element elementor-element-492b0b7 elementor-widget elementor-widget-text-editor\" data-id=\"492b0b7\" data-element_type=\"widget\" data-e-type=\"widget\" data-widget_type=\"text-editor.default\">\n\t\t\t\t<div class=\"elementor-widget-container\">\n\t\t\t\t\t\t\t\t\t<p><strong>ENVOI DE NEWSLETTERS<\/strong><\/p><p>Vous pouvez \u00e0 tout moment demander \u00e0 vous d\u00e9sabonner des newsletters de l\u2019AEPC NA via une proposition en bas de chaque newsletter.<\/p>\t\t\t\t\t\t\t\t<\/div>\n\t\t\t\t<\/div>\n\t\t\t\t\t<\/div>\n\t\t\t\t<\/div>\n\t\t<div class=\"elementor-element elementor-element-af28763 e-flex e-con-boxed e-con e-parent\" data-id=\"af28763\" data-element_type=\"container\" data-e-type=\"container\">\n\t\t\t\t\t<div class=\"e-con-inner\">\n\t\t\t\t<div class=\"elementor-element elementor-element-1911fdc elementor-widget elementor-widget-text-editor\" data-id=\"1911fdc\" data-element_type=\"widget\" data-e-type=\"widget\" data-widget_type=\"text-editor.default\">\n\t\t\t\t<div class=\"elementor-widget-container\">\n\t\t\t\t\t\t\t\t\t<p><strong>POLITIQUE DE L\u2019HEBERGEUR<\/strong><\/p><p>Notre h\u00e9bergeur poss\u00e8de sa propre politique de confidentialit\u00e9 concernant l\u2019utilisation de vos donn\u00e9es que vous pouvez consulter \u00e0 tout moment \u00e0 l\u2019adresse suivante\u00a0<\/p><p><em>Cordonn\u00e9es de l\u2019h\u00e9bergeur :<\/em><\/p><p><em>Soci\u00e9t\u00e9 OVH (<a href=\"https:\/\/ovhcloud.com\" target=\"_blank\" rel=\"noopener\">https:\/\/ovhcloud.com<\/a>)<\/em><em><br \/>S.A.R.L au capital de 500 000 Euros<br \/>2, rue Kellermann &#8211; BP 80157 &#8211; 59053 Roubaix cedex 1 &#8211; France<br \/>RCS Lille M\u00e9tropole 424 761 419 \u2013 APE 2620Z \u2013 SIRET 42476141900045 &#8211; TVA FR22424761419<\/em><\/p>\t\t\t\t\t\t\t\t<\/div>\n\t\t\t\t<\/div>\n\t\t\t\t\t<\/div>\n\t\t\t\t<\/div>\n\t\t<div class=\"elementor-element elementor-element-7137bfe e-flex e-con-boxed e-con e-parent\" data-id=\"7137bfe\" data-element_type=\"container\" data-e-type=\"container\">\n\t\t\t\t\t<div class=\"e-con-inner\">\n\t\t\t\t<div class=\"elementor-element elementor-element-929e63c elementor-widget elementor-widget-text-editor\" data-id=\"929e63c\" data-element_type=\"widget\" data-e-type=\"widget\" data-widget_type=\"text-editor.default\">\n\t\t\t\t<div class=\"elementor-widget-container\">\n\t\t\t\t\t\t\t\t\t<p><strong>CONSENTEMENT A NOTRE POLITIQUE<\/strong><\/p><p>En utilisant notre site, vous consentez \u00e0 notre politique de confidentialit\u00e9 et \u00e0 la possibilit\u00e9 que celle-ci puisse \u00eatre modifi\u00e9e par l\u2019\u00e9diteur.<\/p>\t\t\t\t\t\t\t\t<\/div>\n\t\t\t\t<\/div>\n\t\t\t\t\t<\/div>\n\t\t\t\t<\/div>\n\t\t\t\t<\/div>\n\t\t","protected":false},"excerpt":{"rendered":"<p>COLLECTE DE VOS INFORMATIONS L\u2019AEPC NA collecte des informations lorsque vous remplissez nos formulaires de contact et de demande d&rsquo;adh\u00e9sion. Nous pouvons collecter les informations suivantes\u00a0: votre pr\u00e9nom, votre nom, votre fonction, le nom de votre entreprise, et les coordonn\u00e9es que vous nous communiquez (adresse email, num\u00e9ro de t\u00e9l\u00e9phone, adresse, localit\u00e9). GESTION DES COOKIES Nous [&hellip;]<\/p>\n","protected":false},"author":4,"featured_media":0,"parent":0,"menu_order":0,"comment_status":"closed","ping_status":"closed","template":"elementor_header_footer","meta":{"ocean_post_layout":"","ocean_both_sidebars_style":"","ocean_both_sidebars_content_width":0,"ocean_both_sidebars_sidebars_width":0,"ocean_sidebar":"","ocean_second_sidebar":"","ocean_disable_margins":"enable","ocean_add_body_class":"","ocean_shortcode_before_top_bar":"","ocean_shortcode_after_top_bar":"","ocean_shortcode_before_header":"","ocean_shortcode_after_header":"","ocean_has_shortcode":"","ocean_shortcode_after_title":"","ocean_shortcode_before_footer_widgets":"","ocean_shortcode_after_footer_widgets":"","ocean_shortcode_before_footer_bottom":"","ocean_shortcode_after_footer_bottom":"","ocean_display_top_bar":"default","ocean_display_header":"default","ocean_header_style":"","ocean_center_header_left_menu":"","ocean_custom_header_template":"","ocean_custom_logo":0,"ocean_custom_retina_logo":0,"ocean_custom_logo_max_width":0,"ocean_custom_logo_tablet_max_width":0,"ocean_custom_logo_mobile_max_width":0,"ocean_custom_logo_max_height":0,"ocean_custom_logo_tablet_max_height":0,"ocean_custom_logo_mobile_max_height":0,"ocean_header_custom_menu":"","ocean_menu_typo_font_family":"","ocean_menu_typo_font_subset":"","ocean_menu_typo_font_size":0,"ocean_menu_typo_font_size_tablet":0,"ocean_menu_typo_font_size_mobile":0,"ocean_menu_typo_font_size_unit":"px","ocean_menu_typo_font_weight":"","ocean_menu_typo_font_weight_tablet":"","ocean_menu_typo_font_weight_mobile":"","ocean_menu_typo_transform":"","ocean_menu_typo_transform_tablet":"","ocean_menu_typo_transform_mobile":"","ocean_menu_typo_line_height":0,"ocean_menu_typo_line_height_tablet":0,"ocean_menu_typo_line_height_mobile":0,"ocean_menu_typo_line_height_unit":"","ocean_menu_typo_spacing":0,"ocean_menu_typo_spacing_tablet":0,"ocean_menu_typo_spacing_mobile":0,"ocean_menu_typo_spacing_unit":"","ocean_menu_link_color":"","ocean_menu_link_color_hover":"","ocean_menu_link_color_active":"","ocean_menu_link_background":"","ocean_menu_link_hover_background":"","ocean_menu_link_active_background":"","ocean_menu_social_links_bg":"","ocean_menu_social_hover_links_bg":"","ocean_menu_social_links_color":"","ocean_menu_social_hover_links_color":"","ocean_disable_title":"default","ocean_disable_heading":"default","ocean_post_title":"","ocean_post_subheading":"","ocean_post_title_style":"","ocean_post_title_background_color":"","ocean_post_title_background":0,"ocean_post_title_bg_image_position":"","ocean_post_title_bg_image_attachment":"","ocean_post_title_bg_image_repeat":"","ocean_post_title_bg_image_size":"","ocean_post_title_height":0,"ocean_post_title_bg_overlay":0.5,"ocean_post_title_bg_overlay_color":"","ocean_disable_breadcrumbs":"default","ocean_breadcrumbs_color":"","ocean_breadcrumbs_separator_color":"","ocean_breadcrumbs_links_color":"","ocean_breadcrumbs_links_hover_color":"","ocean_display_footer_widgets":"default","ocean_display_footer_bottom":"default","ocean_custom_footer_template":"","footnotes":""},"class_list":["post-58","page","type-page","status-publish","hentry","entry"],"yoast_head":"<!-- This site is optimized with the Yoast SEO plugin v27.3 - https:\/\/yoast.com\/product\/yoast-seo-wordpress\/ -->\n<title>Politique de confidentialit\u00e9 - Association \u00c9conomique des Professionnels du Conseil de Nouvelle-Aquitaine<\/title>\n<meta name=\"robots\" content=\"index, follow, max-snippet:-1, max-image-preview:large, max-video-preview:-1\" \/>\n<link rel=\"canonical\" href=\"https:\/\/aepcna.fr\/site\/politique-de-confidentialite\/\" \/>\n<meta property=\"og:locale\" content=\"fr_FR\" \/>\n<meta property=\"og:type\" content=\"article\" \/>\n<meta property=\"og:title\" content=\"Politique de confidentialit\u00e9 - Association \u00c9conomique des Professionnels du Conseil de Nouvelle-Aquitaine\" \/>\n<meta property=\"og:description\" content=\"COLLECTE DE VOS INFORMATIONS L\u2019AEPC NA collecte des informations lorsque vous remplissez nos formulaires de contact et de demande d&rsquo;adh\u00e9sion. Nous pouvons collecter les informations suivantes\u00a0: votre pr\u00e9nom, votre nom, votre fonction, le nom de votre entreprise, et les coordonn\u00e9es que vous nous communiquez (adresse email, num\u00e9ro de t\u00e9l\u00e9phone, adresse, localit\u00e9). GESTION DES COOKIES Nous [&hellip;]\" \/>\n<meta property=\"og:url\" content=\"https:\/\/aepcna.fr\/site\/politique-de-confidentialite\/\" \/>\n<meta property=\"og:site_name\" content=\"Association \u00c9conomique des Professionnels du Conseil de Nouvelle-Aquitaine\" \/>\n<meta property=\"article:modified_time\" content=\"2024-12-20T11:43:03+00:00\" \/>\n<meta name=\"twitter:card\" content=\"summary_large_image\" \/>\n<meta name=\"twitter:label1\" content=\"Dur\u00e9e de lecture estim\u00e9e\" \/>\n\t<meta name=\"twitter:data1\" content=\"3 minutes\" \/>\n<script type=\"application\/ld+json\" class=\"yoast-schema-graph\">{\"@context\":\"https:\\\/\\\/schema.org\",\"@graph\":[{\"@type\":\"WebPage\",\"@id\":\"https:\\\/\\\/aepcna.fr\\\/site\\\/politique-de-confidentialite\\\/\",\"url\":\"https:\\\/\\\/aepcna.fr\\\/site\\\/politique-de-confidentialite\\\/\",\"name\":\"Politique de confidentialit\u00e9 - Association \u00c9conomique des Professionnels du Conseil de Nouvelle-Aquitaine\",\"isPartOf\":{\"@id\":\"https:\\\/\\\/aepcna.fr\\\/site\\\/#website\"},\"datePublished\":\"2024-07-04T09:35:13+00:00\",\"dateModified\":\"2024-12-20T11:43:03+00:00\",\"breadcrumb\":{\"@id\":\"https:\\\/\\\/aepcna.fr\\\/site\\\/politique-de-confidentialite\\\/#breadcrumb\"},\"inLanguage\":\"fr-FR\",\"potentialAction\":[{\"@type\":\"ReadAction\",\"target\":[\"https:\\\/\\\/aepcna.fr\\\/site\\\/politique-de-confidentialite\\\/\"]}]},{\"@type\":\"BreadcrumbList\",\"@id\":\"https:\\\/\\\/aepcna.fr\\\/site\\\/politique-de-confidentialite\\\/#breadcrumb\",\"itemListElement\":[{\"@type\":\"ListItem\",\"position\":1,\"name\":\"Accueil\",\"item\":\"https:\\\/\\\/aepcna.fr\\\/site\\\/\"},{\"@type\":\"ListItem\",\"position\":2,\"name\":\"Politique de confidentialit\u00e9\"}]},{\"@type\":\"WebSite\",\"@id\":\"https:\\\/\\\/aepcna.fr\\\/site\\\/#website\",\"url\":\"https:\\\/\\\/aepcna.fr\\\/site\\\/\",\"name\":\"Association \u00c9conomique des Professionnels du Conseil de Nouvelle-Aquitaine\",\"description\":\"Au service de la transformation des acteurs du territoire\",\"publisher\":{\"@id\":\"https:\\\/\\\/aepcna.fr\\\/site\\\/#organization\"},\"potentialAction\":[{\"@type\":\"SearchAction\",\"target\":{\"@type\":\"EntryPoint\",\"urlTemplate\":\"https:\\\/\\\/aepcna.fr\\\/site\\\/?s={search_term_string}\"},\"query-input\":{\"@type\":\"PropertyValueSpecification\",\"valueRequired\":true,\"valueName\":\"search_term_string\"}}],\"inLanguage\":\"fr-FR\"},{\"@type\":\"Organization\",\"@id\":\"https:\\\/\\\/aepcna.fr\\\/site\\\/#organization\",\"name\":\"Association \u00c9conomique des Professionnels du Conseil de Nouvelle-Aquitaine\",\"url\":\"https:\\\/\\\/aepcna.fr\\\/site\\\/\",\"logo\":{\"@type\":\"ImageObject\",\"inLanguage\":\"fr-FR\",\"@id\":\"https:\\\/\\\/aepcna.fr\\\/site\\\/#\\\/schema\\\/logo\\\/image\\\/\",\"url\":\"https:\\\/\\\/aepcna.fr\\\/site\\\/wp-content\\\/uploads\\\/2024\\\/07\\\/logo-AEPC-NA.png\",\"contentUrl\":\"https:\\\/\\\/aepcna.fr\\\/site\\\/wp-content\\\/uploads\\\/2024\\\/07\\\/logo-AEPC-NA.png\",\"width\":211,\"height\":79,\"caption\":\"Association \u00c9conomique des Professionnels du Conseil de Nouvelle-Aquitaine\"},\"image\":{\"@id\":\"https:\\\/\\\/aepcna.fr\\\/site\\\/#\\\/schema\\\/logo\\\/image\\\/\"}}]}<\/script>\n<!-- \/ Yoast SEO plugin. -->","yoast_head_json":{"title":"Politique de confidentialit\u00e9 - Association \u00c9conomique des Professionnels du Conseil de Nouvelle-Aquitaine","robots":{"index":"index","follow":"follow","max-snippet":"max-snippet:-1","max-image-preview":"max-image-preview:large","max-video-preview":"max-video-preview:-1"},"canonical":"https:\/\/aepcna.fr\/site\/politique-de-confidentialite\/","og_locale":"fr_FR","og_type":"article","og_title":"Politique de confidentialit\u00e9 - Association \u00c9conomique des Professionnels du Conseil de Nouvelle-Aquitaine","og_description":"COLLECTE DE VOS INFORMATIONS L\u2019AEPC NA collecte des informations lorsque vous remplissez nos formulaires de contact et de demande d&rsquo;adh\u00e9sion. Nous pouvons collecter les informations suivantes\u00a0: votre pr\u00e9nom, votre nom, votre fonction, le nom de votre entreprise, et les coordonn\u00e9es que vous nous communiquez (adresse email, num\u00e9ro de t\u00e9l\u00e9phone, adresse, localit\u00e9). GESTION DES COOKIES Nous [&hellip;]","og_url":"https:\/\/aepcna.fr\/site\/politique-de-confidentialite\/","og_site_name":"Association \u00c9conomique des Professionnels du Conseil de Nouvelle-Aquitaine","article_modified_time":"2024-12-20T11:43:03+00:00","twitter_card":"summary_large_image","twitter_misc":{"Dur\u00e9e de lecture estim\u00e9e":"3 minutes"},"schema":{"@context":"https:\/\/schema.org","@graph":[{"@type":"WebPage","@id":"https:\/\/aepcna.fr\/site\/politique-de-confidentialite\/","url":"https:\/\/aepcna.fr\/site\/politique-de-confidentialite\/","name":"Politique de confidentialit\u00e9 - Association \u00c9conomique des Professionnels du Conseil de Nouvelle-Aquitaine","isPartOf":{"@id":"https:\/\/aepcna.fr\/site\/#website"},"datePublished":"2024-07-04T09:35:13+00:00","dateModified":"2024-12-20T11:43:03+00:00","breadcrumb":{"@id":"https:\/\/aepcna.fr\/site\/politique-de-confidentialite\/#breadcrumb"},"inLanguage":"fr-FR","potentialAction":[{"@type":"ReadAction","target":["https:\/\/aepcna.fr\/site\/politique-de-confidentialite\/"]}]},{"@type":"BreadcrumbList","@id":"https:\/\/aepcna.fr\/site\/politique-de-confidentialite\/#breadcrumb","itemListElement":[{"@type":"ListItem","position":1,"name":"Accueil","item":"https:\/\/aepcna.fr\/site\/"},{"@type":"ListItem","position":2,"name":"Politique de confidentialit\u00e9"}]},{"@type":"WebSite","@id":"https:\/\/aepcna.fr\/site\/#website","url":"https:\/\/aepcna.fr\/site\/","name":"Association \u00c9conomique des Professionnels du Conseil de Nouvelle-Aquitaine","description":"Au service de la transformation des acteurs du territoire","publisher":{"@id":"https:\/\/aepcna.fr\/site\/#organization"},"potentialAction":[{"@type":"SearchAction","target":{"@type":"EntryPoint","urlTemplate":"https:\/\/aepcna.fr\/site\/?s={search_term_string}"},"query-input":{"@type":"PropertyValueSpecification","valueRequired":true,"valueName":"search_term_string"}}],"inLanguage":"fr-FR"},{"@type":"Organization","@id":"https:\/\/aepcna.fr\/site\/#organization","name":"Association \u00c9conomique des Professionnels du Conseil de Nouvelle-Aquitaine","url":"https:\/\/aepcna.fr\/site\/","logo":{"@type":"ImageObject","inLanguage":"fr-FR","@id":"https:\/\/aepcna.fr\/site\/#\/schema\/logo\/image\/","url":"https:\/\/aepcna.fr\/site\/wp-content\/uploads\/2024\/07\/logo-AEPC-NA.png","contentUrl":"https:\/\/aepcna.fr\/site\/wp-content\/uploads\/2024\/07\/logo-AEPC-NA.png","width":211,"height":79,"caption":"Association \u00c9conomique des Professionnels du Conseil de Nouvelle-Aquitaine"},"image":{"@id":"https:\/\/aepcna.fr\/site\/#\/schema\/logo\/image\/"}}]}},"_links":{"self":[{"href":"https:\/\/aepcna.fr\/site\/wp-json\/wp\/v2\/pages\/58","targetHints":{"allow":["GET"]}}],"collection":[{"href":"https:\/\/aepcna.fr\/site\/wp-json\/wp\/v2\/pages"}],"about":[{"href":"https:\/\/aepcna.fr\/site\/wp-json\/wp\/v2\/types\/page"}],"author":[{"embeddable":true,"href":"https:\/\/aepcna.fr\/site\/wp-json\/wp\/v2\/users\/4"}],"replies":[{"embeddable":true,"href":"https:\/\/aepcna.fr\/site\/wp-json\/wp\/v2\/comments?post=58"}],"version-history":[{"count":10,"href":"https:\/\/aepcna.fr\/site\/wp-json\/wp\/v2\/pages\/58\/revisions"}],"predecessor-version":[{"id":338,"href":"https:\/\/aepcna.fr\/site\/wp-json\/wp\/v2\/pages\/58\/revisions\/338"}],"wp:attachment":[{"href":"https:\/\/aepcna.fr\/site\/wp-json\/wp\/v2\/media?parent=58"}],"curies":[{"name":"wp","href":"https:\/\/api.w.org\/{rel}","templated":true}]}}