{"id":32,"date":"2024-07-04T10:17:09","date_gmt":"2024-07-04T08:17:09","guid":{"rendered":"https:\/\/aepcna.fr\/site\/?page_id=32"},"modified":"2024-12-20T13:09:14","modified_gmt":"2024-12-20T12:09:14","slug":"contact","status":"publish","type":"page","link":"https:\/\/aepcna.fr\/site\/contact\/","title":{"rendered":"Contact"},"content":{"rendered":"\t\t<div data-elementor-type=\"wp-page\" data-elementor-id=\"32\" class=\"elementor elementor-32\">\n\t\t\t\t<div class=\"elementor-element elementor-element-e528a3d e-flex e-con-boxed e-con e-parent\" data-id=\"e528a3d\" data-element_type=\"container\" data-e-type=\"container\" data-settings=\"{&quot;background_background&quot;:&quot;slideshow&quot;,&quot;background_slideshow_gallery&quot;:[{&quot;id&quot;:310,&quot;url&quot;:&quot;https:\\\/\\\/aepcna.fr\\\/site\\\/wp-content\\\/uploads\\\/2024\\\/12\\\/CONTACT.png&quot;}],&quot;background_slideshow_loop&quot;:&quot;yes&quot;,&quot;background_slideshow_slide_duration&quot;:5000,&quot;background_slideshow_slide_transition&quot;:&quot;fade&quot;,&quot;background_slideshow_transition_duration&quot;:500}\">\n\t\t\t\t\t<div class=\"e-con-inner\">\n\t\t\t\t<div class=\"elementor-element elementor-element-f0e34b7 elementor-widget elementor-widget-spacer\" data-id=\"f0e34b7\" data-element_type=\"widget\" data-e-type=\"widget\" data-widget_type=\"spacer.default\">\n\t\t\t\t<div class=\"elementor-widget-container\">\n\t\t\t\t\t\t\t<div class=\"elementor-spacer\">\n\t\t\t<div class=\"elementor-spacer-inner\"><\/div>\n\t\t<\/div>\n\t\t\t\t\t\t<\/div>\n\t\t\t\t<\/div>\n\t\t\t\t\t<\/div>\n\t\t\t\t<\/div>\n\t\t<div class=\"elementor-element elementor-element-70b4ed9 e-flex e-con-boxed e-con e-parent\" data-id=\"70b4ed9\" data-element_type=\"container\" data-e-type=\"container\">\n\t\t\t\t\t<div class=\"e-con-inner\">\n\t\t\t\t<div class=\"elementor-element elementor-element-24f9d93 elementor-widget elementor-widget-spacer\" data-id=\"24f9d93\" data-element_type=\"widget\" data-e-type=\"widget\" data-widget_type=\"spacer.default\">\n\t\t\t\t<div class=\"elementor-widget-container\">\n\t\t\t\t\t\t\t<div class=\"elementor-spacer\">\n\t\t\t<div class=\"elementor-spacer-inner\"><\/div>\n\t\t<\/div>\n\t\t\t\t\t\t<\/div>\n\t\t\t\t<\/div>\n\t\t\t\t\t<\/div>\n\t\t\t\t<\/div>\n\t\t<div class=\"elementor-element elementor-element-04b3d30 e-flex e-con-boxed e-con e-parent\" data-id=\"04b3d30\" data-element_type=\"container\" data-e-type=\"container\">\n\t\t\t\t\t<div class=\"e-con-inner\">\n\t\t\t\t<div class=\"elementor-element elementor-element-04b3154 elementor-widget elementor-widget-text-editor\" data-id=\"04b3154\" data-element_type=\"widget\" data-e-type=\"widget\" data-widget_type=\"text-editor.default\">\n\t\t\t\t<div class=\"elementor-widget-container\">\n\t\t\t\t\t\t\t\t\t<h3><span style=\"font-size: 17px; font-weight: 600; text-align: var(--text-align);\">Restons en Contact !<\/span><\/h3>\n<p>Nous sommes \u00e0 votre disposition pour toute question ou demande d&rsquo;information.&nbsp;<\/p>\n<p>N&rsquo;h\u00e9sitez pas \u00e0 nous contacter pour en savoir plus sur nos services, nos membres ou toute autre demande :&nbsp;<a href=\"mailto:aepc.na@gmail.com\" style=\"font-size: 14px; text-align: var(--text-align); background-color: rgb(255, 255, 255);\"><b>aepc.na@gmail.com<\/b><\/a><\/p>\n<p><span style=\"font-family: 'Open Sans', sans-serif; font-size: 14px; font-style: normal; font-variant-ligatures: normal; font-variant-caps: normal; font-weight: 400;\">Vous pouvez \u00e9galement nous contacter en remplissant le formulaire ci-dessous. Nous vous r\u00e9pondrons dans les plus brefs d\u00e9lais.<\/span><\/p>\t\t\t\t\t\t\t\t<\/div>\n\t\t\t\t<\/div>\n\t\t\t\t\t<\/div>\n\t\t\t\t<\/div>\n\t\t<div class=\"elementor-element elementor-element-54732e6 e-flex e-con-boxed e-con e-parent\" data-id=\"54732e6\" data-element_type=\"container\" data-e-type=\"container\">\n\t\t\t\t\t<div class=\"e-con-inner\">\n\t\t<div class=\"elementor-element elementor-element-f214bbc e-con-full e-flex e-con e-child\" data-id=\"f214bbc\" data-element_type=\"container\" data-e-type=\"container\">\n\t\t\t\t<div class=\"elementor-element elementor-element-b2ab4e4 elementor-widget elementor-widget-image\" data-id=\"b2ab4e4\" data-element_type=\"widget\" data-e-type=\"widget\" data-widget_type=\"image.default\">\n\t\t\t\t<div class=\"elementor-widget-container\">\n\t\t\t\t\t\t\t\t\t\t\t\t\t\t\t<img fetchpriority=\"high\" decoding=\"async\" width=\"615\" height=\"363\" src=\"https:\/\/aepcna.fr\/site\/wp-content\/uploads\/2024\/12\/CONTACT.png\" class=\"attachment-large size-large wp-image-310\" alt=\"\" srcset=\"https:\/\/aepcna.fr\/site\/wp-content\/uploads\/2024\/12\/CONTACT.png 615w, https:\/\/aepcna.fr\/site\/wp-content\/uploads\/2024\/12\/CONTACT-300x177.png 300w\" sizes=\"(max-width: 615px) 100vw, 615px\" \/>\t\t\t\t\t\t\t\t\t\t\t\t\t\t\t<\/div>\n\t\t\t\t<\/div>\n\t\t\t\t<\/div>\n\t\t<div class=\"elementor-element elementor-element-b13b862 e-con-full e-flex e-con e-child\" data-id=\"b13b862\" data-element_type=\"container\" data-e-type=\"container\">\n\t\t\t\t<div class=\"elementor-element elementor-element-59233ad elementor-widget elementor-widget-text-editor\" data-id=\"59233ad\" data-element_type=\"widget\" data-e-type=\"widget\" data-widget_type=\"text-editor.default\">\n\t\t\t\t<div class=\"elementor-widget-container\">\n\t\t\t\t\t\t\t\t\t<h4>Formulaire de Contact<\/h4><p>\n<div class=\"wpcf7 no-js\" id=\"wpcf7-f218-o1\" lang=\"fr-FR\" dir=\"ltr\">\n<div class=\"screen-reader-response\"><p role=\"status\" aria-live=\"polite\" aria-atomic=\"true\"><\/p> <ul><\/ul><\/div>\n<form action=\"\/site\/wp-json\/wp\/v2\/pages\/32#wpcf7-f218-o1\" method=\"post\" class=\"wpcf7-form init\" aria-label=\"Formulaire de contact\" novalidate=\"novalidate\" data-status=\"init\">\n<div style=\"display: none;\">\n<input type=\"hidden\" name=\"_wpcf7\" value=\"218\" \/>\n<input type=\"hidden\" name=\"_wpcf7_version\" value=\"5.9.8\" \/>\n<input type=\"hidden\" name=\"_wpcf7_locale\" value=\"fr_FR\" \/>\n<input type=\"hidden\" name=\"_wpcf7_unit_tag\" value=\"wpcf7-f218-o1\" \/>\n<input type=\"hidden\" name=\"_wpcf7_container_post\" value=\"0\" \/>\n<input type=\"hidden\" name=\"_wpcf7_posted_data_hash\" value=\"\" \/>\n<\/div>\n<p><label> Votre nom<br \/>\n<span class=\"wpcf7-form-control-wrap\" data-name=\"your-name\"><input size=\"40\" maxlength=\"400\" class=\"wpcf7-form-control wpcf7-text wpcf7-validates-as-required\" autocomplete=\"name\" aria-required=\"true\" aria-invalid=\"false\" value=\"\" type=\"text\" name=\"your-name\" \/><\/span> <\/label>\n<\/p>\n<p><label> Votre e-mail<br \/>\n<span class=\"wpcf7-form-control-wrap\" data-name=\"your-email\"><input size=\"40\" maxlength=\"400\" class=\"wpcf7-form-control wpcf7-email wpcf7-validates-as-required wpcf7-text wpcf7-validates-as-email\" autocomplete=\"email\" aria-required=\"true\" aria-invalid=\"false\" value=\"\" type=\"email\" name=\"your-email\" \/><\/span> <\/label>\n<\/p>\n<p><label> Sujet<br \/>\n<span class=\"wpcf7-form-control-wrap\" data-name=\"your-subject\"><input size=\"40\" maxlength=\"400\" class=\"wpcf7-form-control wpcf7-text wpcf7-validates-as-required\" aria-required=\"true\" aria-invalid=\"false\" value=\"\" type=\"text\" name=\"your-subject\" \/><\/span> <\/label>\n<\/p>\n<p><label> Votre message<br \/>\n<span class=\"wpcf7-form-control-wrap\" data-name=\"your-message\"><textarea cols=\"40\" rows=\"10\" maxlength=\"2000\" class=\"wpcf7-form-control wpcf7-textarea wpcf7-validates-as-required\" aria-required=\"true\" aria-invalid=\"false\" name=\"your-message\"><\/textarea><\/span> <\/label>\n<\/p>\n<p><input class=\"wpcf7-form-control wpcf7-submit has-spinner\" type=\"submit\" value=\"Envoyer\" \/>\n<\/p><p style=\"display: none !important;\" class=\"akismet-fields-container\" data-prefix=\"_wpcf7_ak_\"><label>&#916;<textarea name=\"_wpcf7_ak_hp_textarea\" cols=\"45\" rows=\"8\" maxlength=\"100\"><\/textarea><\/label><input type=\"hidden\" id=\"ak_js_1\" name=\"_wpcf7_ak_js\" value=\"3\"\/><script>document.getElementById( \"ak_js_1\" ).setAttribute( \"value\", ( new Date() ).getTime() );<\/script><\/p><div class=\"wpcf7-response-output\" aria-hidden=\"true\"><\/div>\n<\/form>\n<\/div>\n<\/p><h4><span style=\"font-size: 14px; text-align: var(--text-align); color: #4a4a4a;\">Nous nous r\u00e9jouissons de collaborer avec vous et de r\u00e9pondre \u00e0 vos besoins en conseil.<\/span><\/h4>\t\t\t\t\t\t\t\t<\/div>\n\t\t\t\t<\/div>\n\t\t\t\t<\/div>\n\t\t\t\t\t<\/div>\n\t\t\t\t<\/div>\n\t\t\t\t<\/div>\n\t\t","protected":false},"excerpt":{"rendered":"<p>Restons en Contact ! Nous sommes \u00e0 votre disposition pour toute question ou demande d&rsquo;information.&nbsp; N&rsquo;h\u00e9sitez pas \u00e0 nous contacter pour en savoir plus sur nos services, nos membres ou toute autre demande :&nbsp;aepc.na@gmail.com Vous pouvez \u00e9galement nous contacter en remplissant le formulaire ci-dessous. Nous vous r\u00e9pondrons dans les plus brefs d\u00e9lais. Formulaire de Contact [&hellip;]<\/p>\n","protected":false},"author":4,"featured_media":0,"parent":0,"menu_order":0,"comment_status":"closed","ping_status":"closed","template":"elementor_header_footer","meta":{"ocean_post_layout":"","ocean_both_sidebars_style":"","ocean_both_sidebars_content_width":0,"ocean_both_sidebars_sidebars_width":0,"ocean_sidebar":"","ocean_second_sidebar":"","ocean_disable_margins":"enable","ocean_add_body_class":"","ocean_shortcode_before_top_bar":"","ocean_shortcode_after_top_bar":"","ocean_shortcode_before_header":"","ocean_shortcode_after_header":"","ocean_has_shortcode":"","ocean_shortcode_after_title":"","ocean_shortcode_before_footer_widgets":"","ocean_shortcode_after_footer_widgets":"","ocean_shortcode_before_footer_bottom":"","ocean_shortcode_after_footer_bottom":"","ocean_display_top_bar":"default","ocean_display_header":"default","ocean_header_style":"","ocean_center_header_left_menu":"","ocean_custom_header_template":"","ocean_custom_logo":0,"ocean_custom_retina_logo":0,"ocean_custom_logo_max_width":0,"ocean_custom_logo_tablet_max_width":0,"ocean_custom_logo_mobile_max_width":0,"ocean_custom_logo_max_height":0,"ocean_custom_logo_tablet_max_height":0,"ocean_custom_logo_mobile_max_height":0,"ocean_header_custom_menu":"","ocean_menu_typo_font_family":"","ocean_menu_typo_font_subset":"","ocean_menu_typo_font_size":0,"ocean_menu_typo_font_size_tablet":0,"ocean_menu_typo_font_size_mobile":0,"ocean_menu_typo_font_size_unit":"px","ocean_menu_typo_font_weight":"","ocean_menu_typo_font_weight_tablet":"","ocean_menu_typo_font_weight_mobile":"","ocean_menu_typo_transform":"","ocean_menu_typo_transform_tablet":"","ocean_menu_typo_transform_mobile":"","ocean_menu_typo_line_height":0,"ocean_menu_typo_line_height_tablet":0,"ocean_menu_typo_line_height_mobile":0,"ocean_menu_typo_line_height_unit":"","ocean_menu_typo_spacing":0,"ocean_menu_typo_spacing_tablet":0,"ocean_menu_typo_spacing_mobile":0,"ocean_menu_typo_spacing_unit":"","ocean_menu_link_color":"","ocean_menu_link_color_hover":"","ocean_menu_link_color_active":"","ocean_menu_link_background":"","ocean_menu_link_hover_background":"","ocean_menu_link_active_background":"","ocean_menu_social_links_bg":"","ocean_menu_social_hover_links_bg":"","ocean_menu_social_links_color":"","ocean_menu_social_hover_links_color":"","ocean_disable_title":"default","ocean_disable_heading":"default","ocean_post_title":"","ocean_post_subheading":"","ocean_post_title_style":"","ocean_post_title_background_color":"","ocean_post_title_background":0,"ocean_post_title_bg_image_position":"","ocean_post_title_bg_image_attachment":"","ocean_post_title_bg_image_repeat":"","ocean_post_title_bg_image_size":"","ocean_post_title_height":0,"ocean_post_title_bg_overlay":0.5,"ocean_post_title_bg_overlay_color":"","ocean_disable_breadcrumbs":"default","ocean_breadcrumbs_color":"","ocean_breadcrumbs_separator_color":"","ocean_breadcrumbs_links_color":"","ocean_breadcrumbs_links_hover_color":"","ocean_display_footer_widgets":"default","ocean_display_footer_bottom":"default","ocean_custom_footer_template":"","footnotes":""},"class_list":["post-32","page","type-page","status-publish","hentry","entry"],"yoast_head":"<!-- This site is optimized with the Yoast SEO plugin v27.3 - https:\/\/yoast.com\/product\/yoast-seo-wordpress\/ -->\n<title>Contact - Association \u00c9conomique des Professionnels du Conseil de Nouvelle-Aquitaine<\/title>\n<meta name=\"robots\" content=\"index, follow, max-snippet:-1, max-image-preview:large, max-video-preview:-1\" \/>\n<link rel=\"canonical\" href=\"https:\/\/aepcna.fr\/site\/contact\/\" \/>\n<meta property=\"og:locale\" content=\"fr_FR\" \/>\n<meta property=\"og:type\" content=\"article\" \/>\n<meta property=\"og:title\" content=\"Contact - Association \u00c9conomique des Professionnels du Conseil de Nouvelle-Aquitaine\" \/>\n<meta property=\"og:description\" content=\"Restons en Contact ! Nous sommes \u00e0 votre disposition pour toute question ou demande d&rsquo;information.&nbsp; N&rsquo;h\u00e9sitez pas \u00e0 nous contacter pour en savoir plus sur nos services, nos membres ou toute autre demande :&nbsp;aepc.na@gmail.com Vous pouvez \u00e9galement nous contacter en remplissant le formulaire ci-dessous. Nous vous r\u00e9pondrons dans les plus brefs d\u00e9lais. Formulaire de Contact [&hellip;]\" \/>\n<meta property=\"og:url\" content=\"https:\/\/aepcna.fr\/site\/contact\/\" \/>\n<meta property=\"og:site_name\" content=\"Association \u00c9conomique des Professionnels du Conseil de Nouvelle-Aquitaine\" \/>\n<meta property=\"article:modified_time\" content=\"2024-12-20T12:09:14+00:00\" \/>\n<meta property=\"og:image\" content=\"https:\/\/aepcna.fr\/site\/wp-content\/uploads\/2024\/12\/CONTACT.png\" \/>\n\t<meta property=\"og:image:width\" content=\"615\" \/>\n\t<meta property=\"og:image:height\" content=\"363\" \/>\n\t<meta property=\"og:image:type\" content=\"image\/png\" \/>\n<meta name=\"twitter:card\" content=\"summary_large_image\" \/>\n<meta name=\"twitter:label1\" content=\"Dur\u00e9e de lecture estim\u00e9e\" \/>\n\t<meta name=\"twitter:data1\" content=\"1 minute\" \/>\n<script type=\"application\/ld+json\" class=\"yoast-schema-graph\">{\"@context\":\"https:\\\/\\\/schema.org\",\"@graph\":[{\"@type\":\"WebPage\",\"@id\":\"https:\\\/\\\/aepcna.fr\\\/site\\\/contact\\\/\",\"url\":\"https:\\\/\\\/aepcna.fr\\\/site\\\/contact\\\/\",\"name\":\"Contact - Association \u00c9conomique des Professionnels du Conseil de Nouvelle-Aquitaine\",\"isPartOf\":{\"@id\":\"https:\\\/\\\/aepcna.fr\\\/site\\\/#website\"},\"primaryImageOfPage\":{\"@id\":\"https:\\\/\\\/aepcna.fr\\\/site\\\/contact\\\/#primaryimage\"},\"image\":{\"@id\":\"https:\\\/\\\/aepcna.fr\\\/site\\\/contact\\\/#primaryimage\"},\"thumbnailUrl\":\"https:\\\/\\\/aepcna.fr\\\/site\\\/wp-content\\\/uploads\\\/2024\\\/12\\\/CONTACT.png\",\"datePublished\":\"2024-07-04T08:17:09+00:00\",\"dateModified\":\"2024-12-20T12:09:14+00:00\",\"breadcrumb\":{\"@id\":\"https:\\\/\\\/aepcna.fr\\\/site\\\/contact\\\/#breadcrumb\"},\"inLanguage\":\"fr-FR\",\"potentialAction\":[{\"@type\":\"ReadAction\",\"target\":[\"https:\\\/\\\/aepcna.fr\\\/site\\\/contact\\\/\"]}]},{\"@type\":\"ImageObject\",\"inLanguage\":\"fr-FR\",\"@id\":\"https:\\\/\\\/aepcna.fr\\\/site\\\/contact\\\/#primaryimage\",\"url\":\"https:\\\/\\\/aepcna.fr\\\/site\\\/wp-content\\\/uploads\\\/2024\\\/12\\\/CONTACT.png\",\"contentUrl\":\"https:\\\/\\\/aepcna.fr\\\/site\\\/wp-content\\\/uploads\\\/2024\\\/12\\\/CONTACT.png\",\"width\":615,\"height\":363},{\"@type\":\"BreadcrumbList\",\"@id\":\"https:\\\/\\\/aepcna.fr\\\/site\\\/contact\\\/#breadcrumb\",\"itemListElement\":[{\"@type\":\"ListItem\",\"position\":1,\"name\":\"Accueil\",\"item\":\"https:\\\/\\\/aepcna.fr\\\/site\\\/\"},{\"@type\":\"ListItem\",\"position\":2,\"name\":\"Contact\"}]},{\"@type\":\"WebSite\",\"@id\":\"https:\\\/\\\/aepcna.fr\\\/site\\\/#website\",\"url\":\"https:\\\/\\\/aepcna.fr\\\/site\\\/\",\"name\":\"Association \u00c9conomique des Professionnels du Conseil de Nouvelle-Aquitaine\",\"description\":\"Au service de la transformation des acteurs du territoire\",\"publisher\":{\"@id\":\"https:\\\/\\\/aepcna.fr\\\/site\\\/#organization\"},\"potentialAction\":[{\"@type\":\"SearchAction\",\"target\":{\"@type\":\"EntryPoint\",\"urlTemplate\":\"https:\\\/\\\/aepcna.fr\\\/site\\\/?s={search_term_string}\"},\"query-input\":{\"@type\":\"PropertyValueSpecification\",\"valueRequired\":true,\"valueName\":\"search_term_string\"}}],\"inLanguage\":\"fr-FR\"},{\"@type\":\"Organization\",\"@id\":\"https:\\\/\\\/aepcna.fr\\\/site\\\/#organization\",\"name\":\"Association \u00c9conomique des Professionnels du Conseil de Nouvelle-Aquitaine\",\"url\":\"https:\\\/\\\/aepcna.fr\\\/site\\\/\",\"logo\":{\"@type\":\"ImageObject\",\"inLanguage\":\"fr-FR\",\"@id\":\"https:\\\/\\\/aepcna.fr\\\/site\\\/#\\\/schema\\\/logo\\\/image\\\/\",\"url\":\"https:\\\/\\\/aepcna.fr\\\/site\\\/wp-content\\\/uploads\\\/2024\\\/07\\\/logo-AEPC-NA.png\",\"contentUrl\":\"https:\\\/\\\/aepcna.fr\\\/site\\\/wp-content\\\/uploads\\\/2024\\\/07\\\/logo-AEPC-NA.png\",\"width\":211,\"height\":79,\"caption\":\"Association \u00c9conomique des Professionnels du Conseil de Nouvelle-Aquitaine\"},\"image\":{\"@id\":\"https:\\\/\\\/aepcna.fr\\\/site\\\/#\\\/schema\\\/logo\\\/image\\\/\"}}]}<\/script>\n<!-- \/ Yoast SEO plugin. -->","yoast_head_json":{"title":"Contact - Association \u00c9conomique des Professionnels du Conseil de Nouvelle-Aquitaine","robots":{"index":"index","follow":"follow","max-snippet":"max-snippet:-1","max-image-preview":"max-image-preview:large","max-video-preview":"max-video-preview:-1"},"canonical":"https:\/\/aepcna.fr\/site\/contact\/","og_locale":"fr_FR","og_type":"article","og_title":"Contact - Association \u00c9conomique des Professionnels du Conseil de Nouvelle-Aquitaine","og_description":"Restons en Contact ! Nous sommes \u00e0 votre disposition pour toute question ou demande d&rsquo;information.&nbsp; N&rsquo;h\u00e9sitez pas \u00e0 nous contacter pour en savoir plus sur nos services, nos membres ou toute autre demande :&nbsp;aepc.na@gmail.com Vous pouvez \u00e9galement nous contacter en remplissant le formulaire ci-dessous. Nous vous r\u00e9pondrons dans les plus brefs d\u00e9lais. Formulaire de Contact [&hellip;]","og_url":"https:\/\/aepcna.fr\/site\/contact\/","og_site_name":"Association \u00c9conomique des Professionnels du Conseil de Nouvelle-Aquitaine","article_modified_time":"2024-12-20T12:09:14+00:00","og_image":[{"width":615,"height":363,"url":"https:\/\/aepcna.fr\/site\/wp-content\/uploads\/2024\/12\/CONTACT.png","type":"image\/png"}],"twitter_card":"summary_large_image","twitter_misc":{"Dur\u00e9e de lecture estim\u00e9e":"1 minute"},"schema":{"@context":"https:\/\/schema.org","@graph":[{"@type":"WebPage","@id":"https:\/\/aepcna.fr\/site\/contact\/","url":"https:\/\/aepcna.fr\/site\/contact\/","name":"Contact - Association \u00c9conomique des Professionnels du Conseil de Nouvelle-Aquitaine","isPartOf":{"@id":"https:\/\/aepcna.fr\/site\/#website"},"primaryImageOfPage":{"@id":"https:\/\/aepcna.fr\/site\/contact\/#primaryimage"},"image":{"@id":"https:\/\/aepcna.fr\/site\/contact\/#primaryimage"},"thumbnailUrl":"https:\/\/aepcna.fr\/site\/wp-content\/uploads\/2024\/12\/CONTACT.png","datePublished":"2024-07-04T08:17:09+00:00","dateModified":"2024-12-20T12:09:14+00:00","breadcrumb":{"@id":"https:\/\/aepcna.fr\/site\/contact\/#breadcrumb"},"inLanguage":"fr-FR","potentialAction":[{"@type":"ReadAction","target":["https:\/\/aepcna.fr\/site\/contact\/"]}]},{"@type":"ImageObject","inLanguage":"fr-FR","@id":"https:\/\/aepcna.fr\/site\/contact\/#primaryimage","url":"https:\/\/aepcna.fr\/site\/wp-content\/uploads\/2024\/12\/CONTACT.png","contentUrl":"https:\/\/aepcna.fr\/site\/wp-content\/uploads\/2024\/12\/CONTACT.png","width":615,"height":363},{"@type":"BreadcrumbList","@id":"https:\/\/aepcna.fr\/site\/contact\/#breadcrumb","itemListElement":[{"@type":"ListItem","position":1,"name":"Accueil","item":"https:\/\/aepcna.fr\/site\/"},{"@type":"ListItem","position":2,"name":"Contact"}]},{"@type":"WebSite","@id":"https:\/\/aepcna.fr\/site\/#website","url":"https:\/\/aepcna.fr\/site\/","name":"Association \u00c9conomique des Professionnels du Conseil de Nouvelle-Aquitaine","description":"Au service de la transformation des acteurs du territoire","publisher":{"@id":"https:\/\/aepcna.fr\/site\/#organization"},"potentialAction":[{"@type":"SearchAction","target":{"@type":"EntryPoint","urlTemplate":"https:\/\/aepcna.fr\/site\/?s={search_term_string}"},"query-input":{"@type":"PropertyValueSpecification","valueRequired":true,"valueName":"search_term_string"}}],"inLanguage":"fr-FR"},{"@type":"Organization","@id":"https:\/\/aepcna.fr\/site\/#organization","name":"Association \u00c9conomique des Professionnels du Conseil de Nouvelle-Aquitaine","url":"https:\/\/aepcna.fr\/site\/","logo":{"@type":"ImageObject","inLanguage":"fr-FR","@id":"https:\/\/aepcna.fr\/site\/#\/schema\/logo\/image\/","url":"https:\/\/aepcna.fr\/site\/wp-content\/uploads\/2024\/07\/logo-AEPC-NA.png","contentUrl":"https:\/\/aepcna.fr\/site\/wp-content\/uploads\/2024\/07\/logo-AEPC-NA.png","width":211,"height":79,"caption":"Association \u00c9conomique des Professionnels du Conseil de Nouvelle-Aquitaine"},"image":{"@id":"https:\/\/aepcna.fr\/site\/#\/schema\/logo\/image\/"}}]}},"_links":{"self":[{"href":"https:\/\/aepcna.fr\/site\/wp-json\/wp\/v2\/pages\/32","targetHints":{"allow":["GET"]}}],"collection":[{"href":"https:\/\/aepcna.fr\/site\/wp-json\/wp\/v2\/pages"}],"about":[{"href":"https:\/\/aepcna.fr\/site\/wp-json\/wp\/v2\/types\/page"}],"author":[{"embeddable":true,"href":"https:\/\/aepcna.fr\/site\/wp-json\/wp\/v2\/users\/4"}],"replies":[{"embeddable":true,"href":"https:\/\/aepcna.fr\/site\/wp-json\/wp\/v2\/comments?post=32"}],"version-history":[{"count":29,"href":"https:\/\/aepcna.fr\/site\/wp-json\/wp\/v2\/pages\/32\/revisions"}],"predecessor-version":[{"id":354,"href":"https:\/\/aepcna.fr\/site\/wp-json\/wp\/v2\/pages\/32\/revisions\/354"}],"wp:attachment":[{"href":"https:\/\/aepcna.fr\/site\/wp-json\/wp\/v2\/media?parent=32"}],"curies":[{"name":"wp","href":"https:\/\/api.w.org\/{rel}","templated":true}]}}