{"id":30,"date":"2024-07-04T10:16:46","date_gmt":"2024-07-04T08:16:46","guid":{"rendered":"https:\/\/aepcna.fr\/site\/?page_id=30"},"modified":"2024-12-20T13:40:20","modified_gmt":"2024-12-20T12:40:20","slug":"nos-consultants","status":"publish","type":"page","link":"https:\/\/aepcna.fr\/site\/nos-consultants\/","title":{"rendered":"Nos consultants"},"content":{"rendered":"\t\t<div data-elementor-type=\"wp-page\" data-elementor-id=\"30\" class=\"elementor elementor-30\">\n\t\t\t\t<div class=\"elementor-element elementor-element-cc4c9ea e-flex e-con-boxed e-con e-parent\" data-id=\"cc4c9ea\" data-element_type=\"container\" data-e-type=\"container\" data-settings=\"{&quot;background_background&quot;:&quot;slideshow&quot;,&quot;background_slideshow_gallery&quot;:[{&quot;id&quot;:144,&quot;url&quot;:&quot;https:\\\/\\\/aepcna.fr\\\/site\\\/wp-content\\\/uploads\\\/2024\\\/08\\\/Consultant-1-1024x683-1.webp&quot;}],&quot;background_slideshow_loop&quot;:&quot;yes&quot;,&quot;background_slideshow_slide_duration&quot;:5000,&quot;background_slideshow_slide_transition&quot;:&quot;fade&quot;,&quot;background_slideshow_transition_duration&quot;:500}\">\n\t\t\t\t\t<div class=\"e-con-inner\">\n\t\t\t\t<div class=\"elementor-element elementor-element-c83e167 elementor-widget elementor-widget-spacer\" data-id=\"c83e167\" data-element_type=\"widget\" data-e-type=\"widget\" data-widget_type=\"spacer.default\">\n\t\t\t\t<div class=\"elementor-widget-container\">\n\t\t\t\t\t\t\t<div class=\"elementor-spacer\">\n\t\t\t<div class=\"elementor-spacer-inner\"><\/div>\n\t\t<\/div>\n\t\t\t\t\t\t<\/div>\n\t\t\t\t<\/div>\n\t\t\t\t\t<\/div>\n\t\t\t\t<\/div>\n\t\t<div class=\"elementor-element elementor-element-b60872b e-flex e-con-boxed e-con e-parent\" data-id=\"b60872b\" data-element_type=\"container\" data-e-type=\"container\">\n\t\t\t\t\t<div class=\"e-con-inner\">\n\t\t\t\t<div class=\"elementor-element elementor-element-a59baab elementor-widget elementor-widget-spacer\" data-id=\"a59baab\" data-element_type=\"widget\" data-e-type=\"widget\" data-widget_type=\"spacer.default\">\n\t\t\t\t<div class=\"elementor-widget-container\">\n\t\t\t\t\t\t\t<div class=\"elementor-spacer\">\n\t\t\t<div class=\"elementor-spacer-inner\"><\/div>\n\t\t<\/div>\n\t\t\t\t\t\t<\/div>\n\t\t\t\t<\/div>\n\t\t\t\t\t<\/div>\n\t\t\t\t<\/div>\n\t\t<div class=\"elementor-element elementor-element-b160870 e-flex e-con-boxed e-con e-parent\" data-id=\"b160870\" data-element_type=\"container\" data-e-type=\"container\">\n\t\t\t\t\t<div class=\"e-con-inner\">\n\t\t\t\t<div class=\"elementor-element elementor-element-00f838c elementor-widget elementor-widget-text-editor\" data-id=\"00f838c\" data-element_type=\"widget\" data-e-type=\"widget\" data-widget_type=\"text-editor.default\">\n\t\t\t\t<div class=\"elementor-widget-container\">\n\t\t\t\t\t\t\t\t\t<h3><span style=\"font-size: 17px; font-weight: 600; text-align: var(--text-align); color: #008080;\">Des Experts \u00e0 Votre Service<\/span><\/h3><p>L&rsquo;AEPC NA regroupe des consultants hautement qualifi\u00e9s et exp\u00e9riment\u00e9s dans divers domaines. Chaque membre de notre association est s\u00e9lectionn\u00e9 pour son expertise sp\u00e9cifique et son engagement \u00e0 fournir des solutions de qualit\u00e9. D\u00e9couvrez notre annuaire de consultants et trouvez le professionnel id\u00e9al pour vos besoins.<\/p><h4><span style=\"color: #008080;\">Pourquoi Choisir Nos Consultants ?<\/span><\/h4><ul><li><strong>Comp\u00e9tences Sp\u00e9cifiques<\/strong> : Chaque consultant apporte une expertise unique, assurant des conseils et des solutions adapt\u00e9es \u00e0 vos probl\u00e9matiques.<\/li><li><strong>Exp\u00e9rience et Fiabilit\u00e9<\/strong> : Nos membres poss\u00e8dent une exp\u00e9rience solide et une r\u00e9putation de fiabilit\u00e9 dans leurs secteurs respectifs.<\/li><li><strong>Approche Personnalis\u00e9e<\/strong> : Nous mettons un point d&rsquo;honneur \u00e0 comprendre vos besoins sp\u00e9cifiques et \u00e0 proposer des solutions sur mesure.<\/li><\/ul><h4><span style=\"color: #008080;\">Domaines d&rsquo;Intervention<\/span><\/h4><p>Nos consultants couvrent une large gamme de secteurs, incluant mais non limit\u00e9 \u00e0 :<\/p><ul><li><strong>Strat\u00e9gie d&rsquo;Entreprise<\/strong><\/li><li><strong>Marketing et Communication<\/strong><\/li><li><strong>Ressources Humaines<\/strong><\/li><li><strong>Finance et Comptabilit\u00e9<\/strong><\/li><li><strong>D\u00e9veloppement Durable<\/strong><\/li><\/ul><p>Consultez notre annuaire pour trouver le consultant qui correspond \u00e0 vos besoins.<\/p>\t\t\t\t\t\t\t\t<\/div>\n\t\t\t\t<\/div>\n\t\t\t\t\t<\/div>\n\t\t\t\t<\/div>\n\t\t\t\t<\/div>\n\t\t","protected":false},"excerpt":{"rendered":"<p>Des Experts \u00e0 Votre Service L&rsquo;AEPC NA regroupe des consultants hautement qualifi\u00e9s et exp\u00e9riment\u00e9s dans divers domaines. Chaque membre de notre association est s\u00e9lectionn\u00e9 pour son expertise sp\u00e9cifique et son engagement \u00e0 fournir des solutions de qualit\u00e9. D\u00e9couvrez notre annuaire de consultants et trouvez le professionnel id\u00e9al pour vos besoins. Pourquoi Choisir Nos Consultants ? [&hellip;]<\/p>\n","protected":false},"author":4,"featured_media":0,"parent":0,"menu_order":0,"comment_status":"closed","ping_status":"closed","template":"","meta":{"ocean_post_layout":"","ocean_both_sidebars_style":"","ocean_both_sidebars_content_width":0,"ocean_both_sidebars_sidebars_width":0,"ocean_sidebar":"","ocean_second_sidebar":"","ocean_disable_margins":"enable","ocean_add_body_class":"","ocean_shortcode_before_top_bar":"","ocean_shortcode_after_top_bar":"","ocean_shortcode_before_header":"","ocean_shortcode_after_header":"","ocean_has_shortcode":"","ocean_shortcode_after_title":"","ocean_shortcode_before_footer_widgets":"","ocean_shortcode_after_footer_widgets":"","ocean_shortcode_before_footer_bottom":"","ocean_shortcode_after_footer_bottom":"","ocean_display_top_bar":"default","ocean_display_header":"default","ocean_header_style":"","ocean_center_header_left_menu":"","ocean_custom_header_template":"","ocean_custom_logo":0,"ocean_custom_retina_logo":0,"ocean_custom_logo_max_width":0,"ocean_custom_logo_tablet_max_width":0,"ocean_custom_logo_mobile_max_width":0,"ocean_custom_logo_max_height":0,"ocean_custom_logo_tablet_max_height":0,"ocean_custom_logo_mobile_max_height":0,"ocean_header_custom_menu":"","ocean_menu_typo_font_family":"","ocean_menu_typo_font_subset":"","ocean_menu_typo_font_size":0,"ocean_menu_typo_font_size_tablet":0,"ocean_menu_typo_font_size_mobile":0,"ocean_menu_typo_font_size_unit":"px","ocean_menu_typo_font_weight":"","ocean_menu_typo_font_weight_tablet":"","ocean_menu_typo_font_weight_mobile":"","ocean_menu_typo_transform":"","ocean_menu_typo_transform_tablet":"","ocean_menu_typo_transform_mobile":"","ocean_menu_typo_line_height":0,"ocean_menu_typo_line_height_tablet":0,"ocean_menu_typo_line_height_mobile":0,"ocean_menu_typo_line_height_unit":"","ocean_menu_typo_spacing":0,"ocean_menu_typo_spacing_tablet":0,"ocean_menu_typo_spacing_mobile":0,"ocean_menu_typo_spacing_unit":"","ocean_menu_link_color":"","ocean_menu_link_color_hover":"","ocean_menu_link_color_active":"","ocean_menu_link_background":"","ocean_menu_link_hover_background":"","ocean_menu_link_active_background":"","ocean_menu_social_links_bg":"","ocean_menu_social_hover_links_bg":"","ocean_menu_social_links_color":"","ocean_menu_social_hover_links_color":"","ocean_disable_title":"default","ocean_disable_heading":"default","ocean_post_title":"","ocean_post_subheading":"","ocean_post_title_style":"","ocean_post_title_background_color":"","ocean_post_title_background":0,"ocean_post_title_bg_image_position":"","ocean_post_title_bg_image_attachment":"","ocean_post_title_bg_image_repeat":"","ocean_post_title_bg_image_size":"","ocean_post_title_height":0,"ocean_post_title_bg_overlay":0.5,"ocean_post_title_bg_overlay_color":"","ocean_disable_breadcrumbs":"default","ocean_breadcrumbs_color":"","ocean_breadcrumbs_separator_color":"","ocean_breadcrumbs_links_color":"","ocean_breadcrumbs_links_hover_color":"","ocean_display_footer_widgets":"default","ocean_display_footer_bottom":"default","ocean_custom_footer_template":"","footnotes":""},"class_list":["post-30","page","type-page","status-publish","hentry","entry"],"yoast_head":"<!-- This site is optimized with the Yoast SEO plugin v27.3 - https:\/\/yoast.com\/product\/yoast-seo-wordpress\/ -->\n<title>Nos consultants - Association \u00c9conomique des Professionnels du Conseil de Nouvelle-Aquitaine<\/title>\n<meta name=\"robots\" content=\"index, follow, max-snippet:-1, max-image-preview:large, max-video-preview:-1\" \/>\n<link rel=\"canonical\" href=\"https:\/\/aepcna.fr\/site\/nos-consultants\/\" \/>\n<meta property=\"og:locale\" content=\"fr_FR\" \/>\n<meta property=\"og:type\" content=\"article\" \/>\n<meta property=\"og:title\" content=\"Nos consultants - Association \u00c9conomique des Professionnels du Conseil de Nouvelle-Aquitaine\" \/>\n<meta property=\"og:description\" content=\"Des Experts \u00e0 Votre Service L&rsquo;AEPC NA regroupe des consultants hautement qualifi\u00e9s et exp\u00e9riment\u00e9s dans divers domaines. Chaque membre de notre association est s\u00e9lectionn\u00e9 pour son expertise sp\u00e9cifique et son engagement \u00e0 fournir des solutions de qualit\u00e9. D\u00e9couvrez notre annuaire de consultants et trouvez le professionnel id\u00e9al pour vos besoins. Pourquoi Choisir Nos Consultants ? [&hellip;]\" \/>\n<meta property=\"og:url\" content=\"https:\/\/aepcna.fr\/site\/nos-consultants\/\" \/>\n<meta property=\"og:site_name\" content=\"Association \u00c9conomique des Professionnels du Conseil de Nouvelle-Aquitaine\" \/>\n<meta property=\"article:modified_time\" content=\"2024-12-20T12:40:20+00:00\" \/>\n<meta name=\"twitter:card\" content=\"summary_large_image\" \/>\n<meta name=\"twitter:label1\" content=\"Dur\u00e9e de lecture estim\u00e9e\" \/>\n\t<meta name=\"twitter:data1\" content=\"1 minute\" \/>\n<script type=\"application\/ld+json\" class=\"yoast-schema-graph\">{\"@context\":\"https:\\\/\\\/schema.org\",\"@graph\":[{\"@type\":\"WebPage\",\"@id\":\"https:\\\/\\\/aepcna.fr\\\/site\\\/nos-consultants\\\/\",\"url\":\"https:\\\/\\\/aepcna.fr\\\/site\\\/nos-consultants\\\/\",\"name\":\"Nos consultants - Association \u00c9conomique des Professionnels du Conseil de Nouvelle-Aquitaine\",\"isPartOf\":{\"@id\":\"https:\\\/\\\/aepcna.fr\\\/site\\\/#website\"},\"datePublished\":\"2024-07-04T08:16:46+00:00\",\"dateModified\":\"2024-12-20T12:40:20+00:00\",\"breadcrumb\":{\"@id\":\"https:\\\/\\\/aepcna.fr\\\/site\\\/nos-consultants\\\/#breadcrumb\"},\"inLanguage\":\"fr-FR\",\"potentialAction\":[{\"@type\":\"ReadAction\",\"target\":[\"https:\\\/\\\/aepcna.fr\\\/site\\\/nos-consultants\\\/\"]}]},{\"@type\":\"BreadcrumbList\",\"@id\":\"https:\\\/\\\/aepcna.fr\\\/site\\\/nos-consultants\\\/#breadcrumb\",\"itemListElement\":[{\"@type\":\"ListItem\",\"position\":1,\"name\":\"Accueil\",\"item\":\"https:\\\/\\\/aepcna.fr\\\/site\\\/\"},{\"@type\":\"ListItem\",\"position\":2,\"name\":\"Nos consultants\"}]},{\"@type\":\"WebSite\",\"@id\":\"https:\\\/\\\/aepcna.fr\\\/site\\\/#website\",\"url\":\"https:\\\/\\\/aepcna.fr\\\/site\\\/\",\"name\":\"Association \u00c9conomique des Professionnels du Conseil de Nouvelle-Aquitaine\",\"description\":\"Au service de la transformation des acteurs du territoire\",\"publisher\":{\"@id\":\"https:\\\/\\\/aepcna.fr\\\/site\\\/#organization\"},\"potentialAction\":[{\"@type\":\"SearchAction\",\"target\":{\"@type\":\"EntryPoint\",\"urlTemplate\":\"https:\\\/\\\/aepcna.fr\\\/site\\\/?s={search_term_string}\"},\"query-input\":{\"@type\":\"PropertyValueSpecification\",\"valueRequired\":true,\"valueName\":\"search_term_string\"}}],\"inLanguage\":\"fr-FR\"},{\"@type\":\"Organization\",\"@id\":\"https:\\\/\\\/aepcna.fr\\\/site\\\/#organization\",\"name\":\"Association \u00c9conomique des Professionnels du Conseil de Nouvelle-Aquitaine\",\"url\":\"https:\\\/\\\/aepcna.fr\\\/site\\\/\",\"logo\":{\"@type\":\"ImageObject\",\"inLanguage\":\"fr-FR\",\"@id\":\"https:\\\/\\\/aepcna.fr\\\/site\\\/#\\\/schema\\\/logo\\\/image\\\/\",\"url\":\"https:\\\/\\\/aepcna.fr\\\/site\\\/wp-content\\\/uploads\\\/2024\\\/07\\\/logo-AEPC-NA.png\",\"contentUrl\":\"https:\\\/\\\/aepcna.fr\\\/site\\\/wp-content\\\/uploads\\\/2024\\\/07\\\/logo-AEPC-NA.png\",\"width\":211,\"height\":79,\"caption\":\"Association \u00c9conomique des Professionnels du Conseil de Nouvelle-Aquitaine\"},\"image\":{\"@id\":\"https:\\\/\\\/aepcna.fr\\\/site\\\/#\\\/schema\\\/logo\\\/image\\\/\"}}]}<\/script>\n<!-- \/ Yoast SEO plugin. -->","yoast_head_json":{"title":"Nos consultants - Association \u00c9conomique des Professionnels du Conseil de Nouvelle-Aquitaine","robots":{"index":"index","follow":"follow","max-snippet":"max-snippet:-1","max-image-preview":"max-image-preview:large","max-video-preview":"max-video-preview:-1"},"canonical":"https:\/\/aepcna.fr\/site\/nos-consultants\/","og_locale":"fr_FR","og_type":"article","og_title":"Nos consultants - Association \u00c9conomique des Professionnels du Conseil de Nouvelle-Aquitaine","og_description":"Des Experts \u00e0 Votre Service L&rsquo;AEPC NA regroupe des consultants hautement qualifi\u00e9s et exp\u00e9riment\u00e9s dans divers domaines. Chaque membre de notre association est s\u00e9lectionn\u00e9 pour son expertise sp\u00e9cifique et son engagement \u00e0 fournir des solutions de qualit\u00e9. D\u00e9couvrez notre annuaire de consultants et trouvez le professionnel id\u00e9al pour vos besoins. Pourquoi Choisir Nos Consultants ? [&hellip;]","og_url":"https:\/\/aepcna.fr\/site\/nos-consultants\/","og_site_name":"Association \u00c9conomique des Professionnels du Conseil de Nouvelle-Aquitaine","article_modified_time":"2024-12-20T12:40:20+00:00","twitter_card":"summary_large_image","twitter_misc":{"Dur\u00e9e de lecture estim\u00e9e":"1 minute"},"schema":{"@context":"https:\/\/schema.org","@graph":[{"@type":"WebPage","@id":"https:\/\/aepcna.fr\/site\/nos-consultants\/","url":"https:\/\/aepcna.fr\/site\/nos-consultants\/","name":"Nos consultants - Association \u00c9conomique des Professionnels du Conseil de Nouvelle-Aquitaine","isPartOf":{"@id":"https:\/\/aepcna.fr\/site\/#website"},"datePublished":"2024-07-04T08:16:46+00:00","dateModified":"2024-12-20T12:40:20+00:00","breadcrumb":{"@id":"https:\/\/aepcna.fr\/site\/nos-consultants\/#breadcrumb"},"inLanguage":"fr-FR","potentialAction":[{"@type":"ReadAction","target":["https:\/\/aepcna.fr\/site\/nos-consultants\/"]}]},{"@type":"BreadcrumbList","@id":"https:\/\/aepcna.fr\/site\/nos-consultants\/#breadcrumb","itemListElement":[{"@type":"ListItem","position":1,"name":"Accueil","item":"https:\/\/aepcna.fr\/site\/"},{"@type":"ListItem","position":2,"name":"Nos consultants"}]},{"@type":"WebSite","@id":"https:\/\/aepcna.fr\/site\/#website","url":"https:\/\/aepcna.fr\/site\/","name":"Association \u00c9conomique des Professionnels du Conseil de Nouvelle-Aquitaine","description":"Au service de la transformation des acteurs du territoire","publisher":{"@id":"https:\/\/aepcna.fr\/site\/#organization"},"potentialAction":[{"@type":"SearchAction","target":{"@type":"EntryPoint","urlTemplate":"https:\/\/aepcna.fr\/site\/?s={search_term_string}"},"query-input":{"@type":"PropertyValueSpecification","valueRequired":true,"valueName":"search_term_string"}}],"inLanguage":"fr-FR"},{"@type":"Organization","@id":"https:\/\/aepcna.fr\/site\/#organization","name":"Association \u00c9conomique des Professionnels du Conseil de Nouvelle-Aquitaine","url":"https:\/\/aepcna.fr\/site\/","logo":{"@type":"ImageObject","inLanguage":"fr-FR","@id":"https:\/\/aepcna.fr\/site\/#\/schema\/logo\/image\/","url":"https:\/\/aepcna.fr\/site\/wp-content\/uploads\/2024\/07\/logo-AEPC-NA.png","contentUrl":"https:\/\/aepcna.fr\/site\/wp-content\/uploads\/2024\/07\/logo-AEPC-NA.png","width":211,"height":79,"caption":"Association \u00c9conomique des Professionnels du Conseil de Nouvelle-Aquitaine"},"image":{"@id":"https:\/\/aepcna.fr\/site\/#\/schema\/logo\/image\/"}}]}},"_links":{"self":[{"href":"https:\/\/aepcna.fr\/site\/wp-json\/wp\/v2\/pages\/30","targetHints":{"allow":["GET"]}}],"collection":[{"href":"https:\/\/aepcna.fr\/site\/wp-json\/wp\/v2\/pages"}],"about":[{"href":"https:\/\/aepcna.fr\/site\/wp-json\/wp\/v2\/types\/page"}],"author":[{"embeddable":true,"href":"https:\/\/aepcna.fr\/site\/wp-json\/wp\/v2\/users\/4"}],"replies":[{"embeddable":true,"href":"https:\/\/aepcna.fr\/site\/wp-json\/wp\/v2\/comments?post=30"}],"version-history":[{"count":28,"href":"https:\/\/aepcna.fr\/site\/wp-json\/wp\/v2\/pages\/30\/revisions"}],"predecessor-version":[{"id":377,"href":"https:\/\/aepcna.fr\/site\/wp-json\/wp\/v2\/pages\/30\/revisions\/377"}],"wp:attachment":[{"href":"https:\/\/aepcna.fr\/site\/wp-json\/wp\/v2\/media?parent=30"}],"curies":[{"name":"wp","href":"https:\/\/api.w.org\/{rel}","templated":true}]}}