{"id":26,"date":"2024-07-04T10:15:46","date_gmt":"2024-07-04T08:15:46","guid":{"rendered":"https:\/\/aepcna.fr\/site\/?page_id=26"},"modified":"2024-12-20T13:12:54","modified_gmt":"2024-12-20T12:12:54","slug":"qui-sommes-nous","status":"publish","type":"page","link":"https:\/\/aepcna.fr\/site\/qui-sommes-nous\/","title":{"rendered":"Qui sommes-nous ?"},"content":{"rendered":"\t\t<div data-elementor-type=\"wp-page\" data-elementor-id=\"26\" class=\"elementor elementor-26\">\n\t\t\t\t<div class=\"elementor-element elementor-element-258fe46 e-flex e-con-boxed e-con e-parent\" data-id=\"258fe46\" data-element_type=\"container\" data-e-type=\"container\" data-settings=\"{&quot;background_background&quot;:&quot;slideshow&quot;,&quot;background_slideshow_gallery&quot;:[{&quot;id&quot;:123,&quot;url&quot;:&quot;https:\\\/\\\/aepcna.fr\\\/site\\\/wp-content\\\/uploads\\\/2024\\\/07\\\/DALL\\u00b7E-2024-07-18-12.26.32-A-professional-and-diverse-group-of-consultants-in-a-modern-office-setting.-They-are-engaged-in-discussion-working-on-laptops-and-reviewing-document-1.webp&quot;}],&quot;background_slideshow_loop&quot;:&quot;yes&quot;,&quot;background_slideshow_slide_duration&quot;:5000,&quot;background_slideshow_slide_transition&quot;:&quot;fade&quot;,&quot;background_slideshow_transition_duration&quot;:500}\">\n\t\t\t\t\t<div class=\"e-con-inner\">\n\t\t\t\t<div class=\"elementor-element elementor-element-458d87d elementor-widget elementor-widget-spacer\" data-id=\"458d87d\" data-element_type=\"widget\" data-e-type=\"widget\" data-widget_type=\"spacer.default\">\n\t\t\t\t<div class=\"elementor-widget-container\">\n\t\t\t\t\t\t\t<div class=\"elementor-spacer\">\n\t\t\t<div class=\"elementor-spacer-inner\"><\/div>\n\t\t<\/div>\n\t\t\t\t\t\t<\/div>\n\t\t\t\t<\/div>\n\t\t\t\t\t<\/div>\n\t\t\t\t<\/div>\n\t\t<div class=\"elementor-element elementor-element-064ce87 e-flex e-con-boxed e-con e-parent\" data-id=\"064ce87\" data-element_type=\"container\" data-e-type=\"container\">\n\t\t\t\t\t<div class=\"e-con-inner\">\n\t\t\t\t<div class=\"elementor-element elementor-element-d342805 elementor-widget elementor-widget-spacer\" data-id=\"d342805\" data-element_type=\"widget\" data-e-type=\"widget\" data-widget_type=\"spacer.default\">\n\t\t\t\t<div class=\"elementor-widget-container\">\n\t\t\t\t\t\t\t<div class=\"elementor-spacer\">\n\t\t\t<div class=\"elementor-spacer-inner\"><\/div>\n\t\t<\/div>\n\t\t\t\t\t\t<\/div>\n\t\t\t\t<\/div>\n\t\t\t\t\t<\/div>\n\t\t\t\t<\/div>\n\t\t<div class=\"elementor-element elementor-element-b6da6db e-flex e-con-boxed e-con e-parent\" data-id=\"b6da6db\" data-element_type=\"container\" data-e-type=\"container\">\n\t\t\t\t\t<div class=\"e-con-inner\">\n\t\t<div class=\"elementor-element elementor-element-4d64b03 e-con-full e-flex e-con e-child\" data-id=\"4d64b03\" data-element_type=\"container\" data-e-type=\"container\">\n\t\t\t\t<div class=\"elementor-element elementor-element-b272644 elementor-widget elementor-widget-image\" data-id=\"b272644\" data-element_type=\"widget\" data-e-type=\"widget\" data-widget_type=\"image.default\">\n\t\t\t\t<div class=\"elementor-widget-container\">\n\t\t\t\t\t\t\t\t\t\t\t\t\t\t\t<img fetchpriority=\"high\" decoding=\"async\" width=\"674\" height=\"1010\" src=\"https:\/\/aepcna.fr\/site\/wp-content\/uploads\/2024\/12\/QuiSommesNous.png\" class=\"attachment-large size-large wp-image-325\" alt=\"\" srcset=\"https:\/\/aepcna.fr\/site\/wp-content\/uploads\/2024\/12\/QuiSommesNous.png 674w, https:\/\/aepcna.fr\/site\/wp-content\/uploads\/2024\/12\/QuiSommesNous-200x300.png 200w\" sizes=\"(max-width: 674px) 100vw, 674px\" \/>\t\t\t\t\t\t\t\t\t\t\t\t\t\t\t<\/div>\n\t\t\t\t<\/div>\n\t\t\t\t<\/div>\n\t\t<div class=\"elementor-element elementor-element-35cdb79 e-con-full e-flex e-con e-child\" data-id=\"35cdb79\" data-element_type=\"container\" data-e-type=\"container\">\n\t\t\t\t<div class=\"elementor-element elementor-element-376d564 elementor-widget elementor-widget-text-editor\" data-id=\"376d564\" data-element_type=\"widget\" data-e-type=\"widget\" data-widget_type=\"text-editor.default\">\n\t\t\t\t<div class=\"elementor-widget-container\">\n\t\t\t\t\t\t\t\t\t<h4><span style=\"color: #008080;\">Notre Mission<\/span><\/h4><p>Cr\u00e9\u00e9e en 2023, l&rsquo;AEPC NA est une association loi 1901 \u00e0 but non lucratif, regroupant des consultants issus de la Chambre Professionnel du Conseil de Nouvelle Aquitaine en vue de r\u00e9aliser des actions collectives aupr\u00e8s des acteurs \u00e9conomiques de la r\u00e9gion.<\/p><h4><span style=\"color: #008080;\">Nos Valeurs<\/span><\/h4><ul><li><strong>Professionnalisme<\/strong>\u00a0: Nous respectons la Charte de d\u00e9ontologie de la CPC et appliquons une formation continue obligatoire de l&rsquo;expertise de nos membres.<\/li><li><strong>Collaboration<\/strong> : Le collectif dans les missions et le partage de connaissances via l&rsquo;entraide sont au c\u0153ur de notre association.<\/li><li><strong>Innovation<\/strong> : Nous encourageons la transition de nos membres vers un nouveau mod\u00e8le \u00e9conomique plus durables.<\/li><\/ul><h4><span style=\"color: #008080;\">Pourquoi Travailler avec Nous ?<\/span><\/h4><p>Les consultants de l&rsquo;AEPC NA sont issus de la Chambre Professionnelle du Conseil de Nouvelle Aquitaine qui nous garantit un haut niveau d&rsquo;expertise et de professionnalisme. En collaborant avec nous, vous b\u00e9n\u00e9ficiez de :<\/p><ul><li><strong>Un groupe pluridisciplinaires : <\/strong>Environ 80 consultants r\u00e9partis sur toute la r\u00e9gion qui savent travailler en \u00e9quipe\u00a0 pour optimiser le temps et les solutions aux probl\u00e9matiques rencontr\u00e9es<\/li><li><strong>Des comp\u00e9tences pointues<\/strong> : Nos membres sont des experts dans leurs domaines respectifs, offrant des solutions personnalis\u00e9es et efficaces.<\/li><li><strong>Un r\u00e9seau multisectoriel<\/strong>\u00a0: Notre association regroupe des professionnels de plus de 15 fili\u00e8res sectorielles : Agroalimentaire, Bois, A\u00e9ronautique, D\u00e9fense, Num\u00e9rique\/cybers\u00e9curit\u00e9, M\u00e9tallurgie, Traitement de d\u00e9chets, BTP, Chimie, Plasturgie, Environnement, Services \u00e0 l&rsquo;industrie.<\/li><li><strong>Un engagement<\/strong> : Nous sommes d\u00e9vou\u00e9s \u00e0 la r\u00e9ussite de vos projets et \u00e0 la satisfaction de nos clients.<\/li><\/ul><h4><span style=\"font-size: 17px; font-weight: 600; text-align: var(--text-align); color: #008080;\">Nos Actualit\u00e9s<\/span><\/h4><p>Nous sommes en cours de labellisation RSE LUCIE et avons entam\u00e9 la certification QUALIOPI pour nos actions de formation.<\/p>\t\t\t\t\t\t\t\t<\/div>\n\t\t\t\t<\/div>\n\t\t\t\t<\/div>\n\t\t\t\t\t<\/div>\n\t\t\t\t<\/div>\n\t\t\t\t<\/div>\n\t\t","protected":false},"excerpt":{"rendered":"<p>Notre Mission Cr\u00e9\u00e9e en 2023, l&rsquo;AEPC NA est une association loi 1901 \u00e0 but non lucratif, regroupant des consultants issus de la Chambre Professionnel du Conseil de Nouvelle Aquitaine en vue de r\u00e9aliser des actions collectives aupr\u00e8s des acteurs \u00e9conomiques de la r\u00e9gion. Nos Valeurs Professionnalisme\u00a0: Nous respectons la Charte de d\u00e9ontologie de la CPC [&hellip;]<\/p>\n","protected":false},"author":4,"featured_media":0,"parent":0,"menu_order":0,"comment_status":"closed","ping_status":"closed","template":"elementor_header_footer","meta":{"ocean_post_layout":"","ocean_both_sidebars_style":"","ocean_both_sidebars_content_width":0,"ocean_both_sidebars_sidebars_width":0,"ocean_sidebar":"","ocean_second_sidebar":"","ocean_disable_margins":"enable","ocean_add_body_class":"","ocean_shortcode_before_top_bar":"","ocean_shortcode_after_top_bar":"","ocean_shortcode_before_header":"","ocean_shortcode_after_header":"","ocean_has_shortcode":"","ocean_shortcode_after_title":"","ocean_shortcode_before_footer_widgets":"","ocean_shortcode_after_footer_widgets":"","ocean_shortcode_before_footer_bottom":"","ocean_shortcode_after_footer_bottom":"","ocean_display_top_bar":"default","ocean_display_header":"default","ocean_header_style":"","ocean_center_header_left_menu":"","ocean_custom_header_template":"","ocean_custom_logo":0,"ocean_custom_retina_logo":0,"ocean_custom_logo_max_width":0,"ocean_custom_logo_tablet_max_width":0,"ocean_custom_logo_mobile_max_width":0,"ocean_custom_logo_max_height":0,"ocean_custom_logo_tablet_max_height":0,"ocean_custom_logo_mobile_max_height":0,"ocean_header_custom_menu":"","ocean_menu_typo_font_family":"","ocean_menu_typo_font_subset":"","ocean_menu_typo_font_size":0,"ocean_menu_typo_font_size_tablet":0,"ocean_menu_typo_font_size_mobile":0,"ocean_menu_typo_font_size_unit":"px","ocean_menu_typo_font_weight":"","ocean_menu_typo_font_weight_tablet":"","ocean_menu_typo_font_weight_mobile":"","ocean_menu_typo_transform":"","ocean_menu_typo_transform_tablet":"","ocean_menu_typo_transform_mobile":"","ocean_menu_typo_line_height":0,"ocean_menu_typo_line_height_tablet":0,"ocean_menu_typo_line_height_mobile":0,"ocean_menu_typo_line_height_unit":"","ocean_menu_typo_spacing":0,"ocean_menu_typo_spacing_tablet":0,"ocean_menu_typo_spacing_mobile":0,"ocean_menu_typo_spacing_unit":"","ocean_menu_link_color":"","ocean_menu_link_color_hover":"","ocean_menu_link_color_active":"","ocean_menu_link_background":"","ocean_menu_link_hover_background":"","ocean_menu_link_active_background":"","ocean_menu_social_links_bg":"","ocean_menu_social_hover_links_bg":"","ocean_menu_social_links_color":"","ocean_menu_social_hover_links_color":"","ocean_disable_title":"default","ocean_disable_heading":"default","ocean_post_title":"","ocean_post_subheading":"","ocean_post_title_style":"","ocean_post_title_background_color":"","ocean_post_title_background":0,"ocean_post_title_bg_image_position":"","ocean_post_title_bg_image_attachment":"","ocean_post_title_bg_image_repeat":"","ocean_post_title_bg_image_size":"","ocean_post_title_height":0,"ocean_post_title_bg_overlay":0.5,"ocean_post_title_bg_overlay_color":"","ocean_disable_breadcrumbs":"default","ocean_breadcrumbs_color":"","ocean_breadcrumbs_separator_color":"","ocean_breadcrumbs_links_color":"","ocean_breadcrumbs_links_hover_color":"","ocean_display_footer_widgets":"default","ocean_display_footer_bottom":"default","ocean_custom_footer_template":"","footnotes":""},"class_list":["post-26","page","type-page","status-publish","hentry","entry"],"yoast_head":"<!-- This site is optimized with the Yoast SEO plugin v27.3 - https:\/\/yoast.com\/product\/yoast-seo-wordpress\/ -->\n<title>Qui sommes-nous ? - Association \u00c9conomique des Professionnels du Conseil de Nouvelle-Aquitaine<\/title>\n<meta name=\"robots\" content=\"index, follow, max-snippet:-1, max-image-preview:large, max-video-preview:-1\" \/>\n<link rel=\"canonical\" href=\"https:\/\/aepcna.fr\/site\/qui-sommes-nous\/\" \/>\n<meta property=\"og:locale\" content=\"fr_FR\" \/>\n<meta property=\"og:type\" content=\"article\" \/>\n<meta property=\"og:title\" content=\"Qui sommes-nous ? - Association \u00c9conomique des Professionnels du Conseil de Nouvelle-Aquitaine\" \/>\n<meta property=\"og:description\" content=\"Notre Mission Cr\u00e9\u00e9e en 2023, l&rsquo;AEPC NA est une association loi 1901 \u00e0 but non lucratif, regroupant des consultants issus de la Chambre Professionnel du Conseil de Nouvelle Aquitaine en vue de r\u00e9aliser des actions collectives aupr\u00e8s des acteurs \u00e9conomiques de la r\u00e9gion. Nos Valeurs Professionnalisme\u00a0: Nous respectons la Charte de d\u00e9ontologie de la CPC [&hellip;]\" \/>\n<meta property=\"og:url\" content=\"https:\/\/aepcna.fr\/site\/qui-sommes-nous\/\" \/>\n<meta property=\"og:site_name\" content=\"Association \u00c9conomique des Professionnels du Conseil de Nouvelle-Aquitaine\" \/>\n<meta property=\"article:modified_time\" content=\"2024-12-20T12:12:54+00:00\" \/>\n<meta property=\"og:image\" content=\"https:\/\/aepcna.fr\/site\/wp-content\/uploads\/2024\/12\/QuiSommesNous.png\" \/>\n\t<meta property=\"og:image:width\" content=\"674\" \/>\n\t<meta property=\"og:image:height\" content=\"1010\" \/>\n\t<meta property=\"og:image:type\" content=\"image\/png\" \/>\n<meta name=\"twitter:card\" content=\"summary_large_image\" \/>\n<meta name=\"twitter:label1\" content=\"Dur\u00e9e de lecture estim\u00e9e\" \/>\n\t<meta name=\"twitter:data1\" content=\"2 minutes\" \/>\n<script type=\"application\/ld+json\" class=\"yoast-schema-graph\">{\"@context\":\"https:\\\/\\\/schema.org\",\"@graph\":[{\"@type\":\"WebPage\",\"@id\":\"https:\\\/\\\/aepcna.fr\\\/site\\\/qui-sommes-nous\\\/\",\"url\":\"https:\\\/\\\/aepcna.fr\\\/site\\\/qui-sommes-nous\\\/\",\"name\":\"Qui sommes-nous ? - Association \u00c9conomique des Professionnels du Conseil de Nouvelle-Aquitaine\",\"isPartOf\":{\"@id\":\"https:\\\/\\\/aepcna.fr\\\/site\\\/#website\"},\"primaryImageOfPage\":{\"@id\":\"https:\\\/\\\/aepcna.fr\\\/site\\\/qui-sommes-nous\\\/#primaryimage\"},\"image\":{\"@id\":\"https:\\\/\\\/aepcna.fr\\\/site\\\/qui-sommes-nous\\\/#primaryimage\"},\"thumbnailUrl\":\"https:\\\/\\\/aepcna.fr\\\/site\\\/wp-content\\\/uploads\\\/2024\\\/12\\\/QuiSommesNous.png\",\"datePublished\":\"2024-07-04T08:15:46+00:00\",\"dateModified\":\"2024-12-20T12:12:54+00:00\",\"breadcrumb\":{\"@id\":\"https:\\\/\\\/aepcna.fr\\\/site\\\/qui-sommes-nous\\\/#breadcrumb\"},\"inLanguage\":\"fr-FR\",\"potentialAction\":[{\"@type\":\"ReadAction\",\"target\":[\"https:\\\/\\\/aepcna.fr\\\/site\\\/qui-sommes-nous\\\/\"]}]},{\"@type\":\"ImageObject\",\"inLanguage\":\"fr-FR\",\"@id\":\"https:\\\/\\\/aepcna.fr\\\/site\\\/qui-sommes-nous\\\/#primaryimage\",\"url\":\"https:\\\/\\\/aepcna.fr\\\/site\\\/wp-content\\\/uploads\\\/2024\\\/12\\\/QuiSommesNous.png\",\"contentUrl\":\"https:\\\/\\\/aepcna.fr\\\/site\\\/wp-content\\\/uploads\\\/2024\\\/12\\\/QuiSommesNous.png\",\"width\":674,\"height\":1010},{\"@type\":\"BreadcrumbList\",\"@id\":\"https:\\\/\\\/aepcna.fr\\\/site\\\/qui-sommes-nous\\\/#breadcrumb\",\"itemListElement\":[{\"@type\":\"ListItem\",\"position\":1,\"name\":\"Accueil\",\"item\":\"https:\\\/\\\/aepcna.fr\\\/site\\\/\"},{\"@type\":\"ListItem\",\"position\":2,\"name\":\"Qui sommes-nous ?\"}]},{\"@type\":\"WebSite\",\"@id\":\"https:\\\/\\\/aepcna.fr\\\/site\\\/#website\",\"url\":\"https:\\\/\\\/aepcna.fr\\\/site\\\/\",\"name\":\"Association \u00c9conomique des Professionnels du Conseil de Nouvelle-Aquitaine\",\"description\":\"Au service de la transformation des acteurs du territoire\",\"publisher\":{\"@id\":\"https:\\\/\\\/aepcna.fr\\\/site\\\/#organization\"},\"potentialAction\":[{\"@type\":\"SearchAction\",\"target\":{\"@type\":\"EntryPoint\",\"urlTemplate\":\"https:\\\/\\\/aepcna.fr\\\/site\\\/?s={search_term_string}\"},\"query-input\":{\"@type\":\"PropertyValueSpecification\",\"valueRequired\":true,\"valueName\":\"search_term_string\"}}],\"inLanguage\":\"fr-FR\"},{\"@type\":\"Organization\",\"@id\":\"https:\\\/\\\/aepcna.fr\\\/site\\\/#organization\",\"name\":\"Association \u00c9conomique des Professionnels du Conseil de Nouvelle-Aquitaine\",\"url\":\"https:\\\/\\\/aepcna.fr\\\/site\\\/\",\"logo\":{\"@type\":\"ImageObject\",\"inLanguage\":\"fr-FR\",\"@id\":\"https:\\\/\\\/aepcna.fr\\\/site\\\/#\\\/schema\\\/logo\\\/image\\\/\",\"url\":\"https:\\\/\\\/aepcna.fr\\\/site\\\/wp-content\\\/uploads\\\/2024\\\/07\\\/logo-AEPC-NA.png\",\"contentUrl\":\"https:\\\/\\\/aepcna.fr\\\/site\\\/wp-content\\\/uploads\\\/2024\\\/07\\\/logo-AEPC-NA.png\",\"width\":211,\"height\":79,\"caption\":\"Association \u00c9conomique des Professionnels du Conseil de Nouvelle-Aquitaine\"},\"image\":{\"@id\":\"https:\\\/\\\/aepcna.fr\\\/site\\\/#\\\/schema\\\/logo\\\/image\\\/\"}}]}<\/script>\n<!-- \/ Yoast SEO plugin. -->","yoast_head_json":{"title":"Qui sommes-nous ? - Association \u00c9conomique des Professionnels du Conseil de Nouvelle-Aquitaine","robots":{"index":"index","follow":"follow","max-snippet":"max-snippet:-1","max-image-preview":"max-image-preview:large","max-video-preview":"max-video-preview:-1"},"canonical":"https:\/\/aepcna.fr\/site\/qui-sommes-nous\/","og_locale":"fr_FR","og_type":"article","og_title":"Qui sommes-nous ? - Association \u00c9conomique des Professionnels du Conseil de Nouvelle-Aquitaine","og_description":"Notre Mission Cr\u00e9\u00e9e en 2023, l&rsquo;AEPC NA est une association loi 1901 \u00e0 but non lucratif, regroupant des consultants issus de la Chambre Professionnel du Conseil de Nouvelle Aquitaine en vue de r\u00e9aliser des actions collectives aupr\u00e8s des acteurs \u00e9conomiques de la r\u00e9gion. Nos Valeurs Professionnalisme\u00a0: Nous respectons la Charte de d\u00e9ontologie de la CPC [&hellip;]","og_url":"https:\/\/aepcna.fr\/site\/qui-sommes-nous\/","og_site_name":"Association \u00c9conomique des Professionnels du Conseil de Nouvelle-Aquitaine","article_modified_time":"2024-12-20T12:12:54+00:00","og_image":[{"width":674,"height":1010,"url":"https:\/\/aepcna.fr\/site\/wp-content\/uploads\/2024\/12\/QuiSommesNous.png","type":"image\/png"}],"twitter_card":"summary_large_image","twitter_misc":{"Dur\u00e9e de lecture estim\u00e9e":"2 minutes"},"schema":{"@context":"https:\/\/schema.org","@graph":[{"@type":"WebPage","@id":"https:\/\/aepcna.fr\/site\/qui-sommes-nous\/","url":"https:\/\/aepcna.fr\/site\/qui-sommes-nous\/","name":"Qui sommes-nous ? - Association \u00c9conomique des Professionnels du Conseil de Nouvelle-Aquitaine","isPartOf":{"@id":"https:\/\/aepcna.fr\/site\/#website"},"primaryImageOfPage":{"@id":"https:\/\/aepcna.fr\/site\/qui-sommes-nous\/#primaryimage"},"image":{"@id":"https:\/\/aepcna.fr\/site\/qui-sommes-nous\/#primaryimage"},"thumbnailUrl":"https:\/\/aepcna.fr\/site\/wp-content\/uploads\/2024\/12\/QuiSommesNous.png","datePublished":"2024-07-04T08:15:46+00:00","dateModified":"2024-12-20T12:12:54+00:00","breadcrumb":{"@id":"https:\/\/aepcna.fr\/site\/qui-sommes-nous\/#breadcrumb"},"inLanguage":"fr-FR","potentialAction":[{"@type":"ReadAction","target":["https:\/\/aepcna.fr\/site\/qui-sommes-nous\/"]}]},{"@type":"ImageObject","inLanguage":"fr-FR","@id":"https:\/\/aepcna.fr\/site\/qui-sommes-nous\/#primaryimage","url":"https:\/\/aepcna.fr\/site\/wp-content\/uploads\/2024\/12\/QuiSommesNous.png","contentUrl":"https:\/\/aepcna.fr\/site\/wp-content\/uploads\/2024\/12\/QuiSommesNous.png","width":674,"height":1010},{"@type":"BreadcrumbList","@id":"https:\/\/aepcna.fr\/site\/qui-sommes-nous\/#breadcrumb","itemListElement":[{"@type":"ListItem","position":1,"name":"Accueil","item":"https:\/\/aepcna.fr\/site\/"},{"@type":"ListItem","position":2,"name":"Qui sommes-nous ?"}]},{"@type":"WebSite","@id":"https:\/\/aepcna.fr\/site\/#website","url":"https:\/\/aepcna.fr\/site\/","name":"Association \u00c9conomique des Professionnels du Conseil de Nouvelle-Aquitaine","description":"Au service de la transformation des acteurs du territoire","publisher":{"@id":"https:\/\/aepcna.fr\/site\/#organization"},"potentialAction":[{"@type":"SearchAction","target":{"@type":"EntryPoint","urlTemplate":"https:\/\/aepcna.fr\/site\/?s={search_term_string}"},"query-input":{"@type":"PropertyValueSpecification","valueRequired":true,"valueName":"search_term_string"}}],"inLanguage":"fr-FR"},{"@type":"Organization","@id":"https:\/\/aepcna.fr\/site\/#organization","name":"Association \u00c9conomique des Professionnels du Conseil de Nouvelle-Aquitaine","url":"https:\/\/aepcna.fr\/site\/","logo":{"@type":"ImageObject","inLanguage":"fr-FR","@id":"https:\/\/aepcna.fr\/site\/#\/schema\/logo\/image\/","url":"https:\/\/aepcna.fr\/site\/wp-content\/uploads\/2024\/07\/logo-AEPC-NA.png","contentUrl":"https:\/\/aepcna.fr\/site\/wp-content\/uploads\/2024\/07\/logo-AEPC-NA.png","width":211,"height":79,"caption":"Association \u00c9conomique des Professionnels du Conseil de Nouvelle-Aquitaine"},"image":{"@id":"https:\/\/aepcna.fr\/site\/#\/schema\/logo\/image\/"}}]}},"_links":{"self":[{"href":"https:\/\/aepcna.fr\/site\/wp-json\/wp\/v2\/pages\/26","targetHints":{"allow":["GET"]}}],"collection":[{"href":"https:\/\/aepcna.fr\/site\/wp-json\/wp\/v2\/pages"}],"about":[{"href":"https:\/\/aepcna.fr\/site\/wp-json\/wp\/v2\/types\/page"}],"author":[{"embeddable":true,"href":"https:\/\/aepcna.fr\/site\/wp-json\/wp\/v2\/users\/4"}],"replies":[{"embeddable":true,"href":"https:\/\/aepcna.fr\/site\/wp-json\/wp\/v2\/comments?post=26"}],"version-history":[{"count":45,"href":"https:\/\/aepcna.fr\/site\/wp-json\/wp\/v2\/pages\/26\/revisions"}],"predecessor-version":[{"id":360,"href":"https:\/\/aepcna.fr\/site\/wp-json\/wp\/v2\/pages\/26\/revisions\/360"}],"wp:attachment":[{"href":"https:\/\/aepcna.fr\/site\/wp-json\/wp\/v2\/media?parent=26"}],"curies":[{"name":"wp","href":"https:\/\/api.w.org\/{rel}","templated":true}]}}