{"id":24,"date":"2024-07-04T10:14:35","date_gmt":"2024-07-04T08:14:35","guid":{"rendered":"https:\/\/aepcna.fr\/site\/?page_id=24"},"modified":"2024-12-20T13:08:11","modified_gmt":"2024-12-20T12:08:11","slug":"au-service-de-la-transformation-des-acteurs-du-territoire","status":"publish","type":"page","link":"https:\/\/aepcna.fr\/site\/","title":{"rendered":"Au service de la transformation des acteurs du territoire !"},"content":{"rendered":"\t\t<div data-elementor-type=\"wp-page\" data-elementor-id=\"24\" class=\"elementor elementor-24\">\n\t\t\t\t<div class=\"elementor-element elementor-element-976dc59 e-flex e-con-boxed e-con e-parent\" data-id=\"976dc59\" data-element_type=\"container\" data-e-type=\"container\" data-settings=\"{&quot;background_background&quot;:&quot;slideshow&quot;,&quot;background_slideshow_gallery&quot;:[{&quot;id&quot;:138,&quot;url&quot;:&quot;https:\\\/\\\/aepcna.fr\\\/site\\\/wp-content\\\/uploads\\\/2024\\\/07\\\/DALL\\u00b7E-2024-07-18-16.05.44-A-simple-and-inviting-image-for-the-homepage-of-the-Association-des-Experts-et-Consultants-en-Nouvelle-Aquitaine-AEPCNA.-The-scene-features-a-clean-.webp&quot;}],&quot;background_slideshow_loop&quot;:&quot;yes&quot;,&quot;background_slideshow_slide_duration&quot;:5000,&quot;background_slideshow_slide_transition&quot;:&quot;fade&quot;,&quot;background_slideshow_transition_duration&quot;:500}\">\n\t\t\t\t\t<div class=\"e-con-inner\">\n\t\t\t\t<div class=\"elementor-element elementor-element-a8d2fb7 elementor-widget elementor-widget-spacer\" data-id=\"a8d2fb7\" data-element_type=\"widget\" data-e-type=\"widget\" data-widget_type=\"spacer.default\">\n\t\t\t\t<div class=\"elementor-widget-container\">\n\t\t\t\t\t\t\t<div class=\"elementor-spacer\">\n\t\t\t<div class=\"elementor-spacer-inner\"><\/div>\n\t\t<\/div>\n\t\t\t\t\t\t<\/div>\n\t\t\t\t<\/div>\n\t\t\t\t\t<\/div>\n\t\t\t\t<\/div>\n\t\t<div class=\"elementor-element elementor-element-7b71209 e-flex e-con-boxed e-con e-parent\" data-id=\"7b71209\" data-element_type=\"container\" data-e-type=\"container\">\n\t\t\t\t\t<div class=\"e-con-inner\">\n\t\t<div class=\"elementor-element elementor-element-b32a0a6 e-con-full e-flex e-con e-child\" data-id=\"b32a0a6\" data-element_type=\"container\" data-e-type=\"container\">\n\t\t\t\t<div class=\"elementor-element elementor-element-2d7c61b elementor-widget elementor-widget-spacer\" data-id=\"2d7c61b\" data-element_type=\"widget\" data-e-type=\"widget\" data-widget_type=\"spacer.default\">\n\t\t\t\t<div class=\"elementor-widget-container\">\n\t\t\t\t\t\t\t<div class=\"elementor-spacer\">\n\t\t\t<div class=\"elementor-spacer-inner\"><\/div>\n\t\t<\/div>\n\t\t\t\t\t\t<\/div>\n\t\t\t\t<\/div>\n\t\t\t\t<div class=\"elementor-element elementor-element-6b20ee6 elementor-widget elementor-widget-text-editor\" data-id=\"6b20ee6\" data-element_type=\"widget\" data-e-type=\"widget\" data-widget_type=\"text-editor.default\">\n\t\t\t\t<div class=\"elementor-widget-container\">\n\t\t\t\t\t\t\t\t\t<h2 style=\"text-align: center;\"><span style=\"color: #008080;\"><strong>Bienvenue sur le site officiel de l&rsquo;Association Economique des Professionnels du Conseil en en Nouvelle Aquitaine (AEPC NA) ! <\/strong><\/span><\/h2><p>Nous sommes une association de consultants professionnels et passionn\u00e9s qui pensent que le collectif est une force et que nous devons soutenir les acteurs \u00e9conomiques locaux pour la durabilit\u00e9 de nos territoires.<\/p><p>Que vous soyez une entreprise, une institution \u00e0 la recherche de solutions personnalis\u00e9es ou un consultant souhaitant rejoindre une communaut\u00e9 dynamique, vous \u00eates au bon endroit.<\/p><h4><span style=\"color: #008080;\">D\u00e9couvrez l&rsquo;AEPC NA<\/span><\/h4><p>L&rsquo;AEPCNA est plus qu&rsquo;un simple r\u00e9seau, c&rsquo;est une plateforme de collaboration et d&rsquo;innovation.\u00a0<\/p><h4><span style=\"font-size: 17px; font-weight: 600; color: #008080;\">Rejoignez-nous !<\/span><\/h4><p>Si vous \u00eates consultant et que vous cherchez \u00e0 travailler de mani\u00e8re collective, l&rsquo;AEPC NA est faite pour vous et vous renseignera sur<span style=\"font-size: 14px;\">\u00a0son parcours d&rsquo;admission.<\/span><\/p>\t\t\t\t\t\t\t\t<\/div>\n\t\t\t\t<\/div>\n\t\t\t\t<\/div>\n\t\t\t\t\t<\/div>\n\t\t\t\t<\/div>\n\t\t\t\t<\/div>\n\t\t","protected":false},"excerpt":{"rendered":"<p>Bienvenue sur le site officiel de l&rsquo;Association Economique des Professionnels du Conseil en en Nouvelle Aquitaine (AEPC NA) ! Nous sommes une association de consultants professionnels et passionn\u00e9s qui pensent que le collectif est une force et que nous devons soutenir les acteurs \u00e9conomiques locaux pour la durabilit\u00e9 de nos territoires. Que vous soyez une [&hellip;]<\/p>\n","protected":false},"author":4,"featured_media":0,"parent":0,"menu_order":0,"comment_status":"closed","ping_status":"closed","template":"elementor_header_footer","meta":{"ocean_post_layout":"","ocean_both_sidebars_style":"","ocean_both_sidebars_content_width":0,"ocean_both_sidebars_sidebars_width":0,"ocean_sidebar":"","ocean_second_sidebar":"","ocean_disable_margins":"enable","ocean_add_body_class":"","ocean_shortcode_before_top_bar":"","ocean_shortcode_after_top_bar":"","ocean_shortcode_before_header":"","ocean_shortcode_after_header":"","ocean_has_shortcode":"","ocean_shortcode_after_title":"","ocean_shortcode_before_footer_widgets":"","ocean_shortcode_after_footer_widgets":"","ocean_shortcode_before_footer_bottom":"","ocean_shortcode_after_footer_bottom":"","ocean_display_top_bar":"default","ocean_display_header":"default","ocean_header_style":"","ocean_center_header_left_menu":"","ocean_custom_header_template":"","ocean_custom_logo":0,"ocean_custom_retina_logo":0,"ocean_custom_logo_max_width":0,"ocean_custom_logo_tablet_max_width":0,"ocean_custom_logo_mobile_max_width":0,"ocean_custom_logo_max_height":0,"ocean_custom_logo_tablet_max_height":0,"ocean_custom_logo_mobile_max_height":0,"ocean_header_custom_menu":"","ocean_menu_typo_font_family":"","ocean_menu_typo_font_subset":"","ocean_menu_typo_font_size":0,"ocean_menu_typo_font_size_tablet":0,"ocean_menu_typo_font_size_mobile":0,"ocean_menu_typo_font_size_unit":"px","ocean_menu_typo_font_weight":"","ocean_menu_typo_font_weight_tablet":"","ocean_menu_typo_font_weight_mobile":"","ocean_menu_typo_transform":"","ocean_menu_typo_transform_tablet":"","ocean_menu_typo_transform_mobile":"","ocean_menu_typo_line_height":0,"ocean_menu_typo_line_height_tablet":0,"ocean_menu_typo_line_height_mobile":0,"ocean_menu_typo_line_height_unit":"","ocean_menu_typo_spacing":0,"ocean_menu_typo_spacing_tablet":0,"ocean_menu_typo_spacing_mobile":0,"ocean_menu_typo_spacing_unit":"","ocean_menu_link_color":"","ocean_menu_link_color_hover":"","ocean_menu_link_color_active":"","ocean_menu_link_background":"","ocean_menu_link_hover_background":"","ocean_menu_link_active_background":"","ocean_menu_social_links_bg":"","ocean_menu_social_hover_links_bg":"","ocean_menu_social_links_color":"","ocean_menu_social_hover_links_color":"","ocean_disable_title":"default","ocean_disable_heading":"default","ocean_post_title":"","ocean_post_subheading":"","ocean_post_title_style":"","ocean_post_title_background_color":"","ocean_post_title_background":0,"ocean_post_title_bg_image_position":"","ocean_post_title_bg_image_attachment":"","ocean_post_title_bg_image_repeat":"","ocean_post_title_bg_image_size":"","ocean_post_title_height":0,"ocean_post_title_bg_overlay":0.5,"ocean_post_title_bg_overlay_color":"","ocean_disable_breadcrumbs":"default","ocean_breadcrumbs_color":"","ocean_breadcrumbs_separator_color":"","ocean_breadcrumbs_links_color":"","ocean_breadcrumbs_links_hover_color":"","ocean_display_footer_widgets":"default","ocean_display_footer_bottom":"default","ocean_custom_footer_template":"","footnotes":""},"class_list":["post-24","page","type-page","status-publish","hentry","entry"],"yoast_head":"<!-- This site is optimized with the Yoast SEO plugin v27.3 - https:\/\/yoast.com\/product\/yoast-seo-wordpress\/ -->\n<title>Au service de la transformation des acteurs du territoire ! - Association \u00c9conomique des Professionnels du Conseil de Nouvelle-Aquitaine<\/title>\n<meta name=\"robots\" content=\"index, follow, max-snippet:-1, max-image-preview:large, max-video-preview:-1\" \/>\n<link rel=\"canonical\" href=\"https:\/\/aepcna.fr\/site\/\" \/>\n<meta property=\"og:locale\" content=\"fr_FR\" \/>\n<meta property=\"og:type\" content=\"article\" \/>\n<meta property=\"og:title\" content=\"Au service de la transformation des acteurs du territoire ! - Association \u00c9conomique des Professionnels du Conseil de Nouvelle-Aquitaine\" \/>\n<meta property=\"og:description\" content=\"Bienvenue sur le site officiel de l&rsquo;Association Economique des Professionnels du Conseil en en Nouvelle Aquitaine (AEPC NA) ! Nous sommes une association de consultants professionnels et passionn\u00e9s qui pensent que le collectif est une force et que nous devons soutenir les acteurs \u00e9conomiques locaux pour la durabilit\u00e9 de nos territoires. Que vous soyez une [&hellip;]\" \/>\n<meta property=\"og:url\" content=\"https:\/\/aepcna.fr\/site\/\" \/>\n<meta property=\"og:site_name\" content=\"Association \u00c9conomique des Professionnels du Conseil de Nouvelle-Aquitaine\" \/>\n<meta property=\"article:modified_time\" content=\"2024-12-20T12:08:11+00:00\" \/>\n<meta name=\"twitter:card\" content=\"summary_large_image\" \/>\n<meta name=\"twitter:label1\" content=\"Dur\u00e9e de lecture estim\u00e9e\" \/>\n\t<meta name=\"twitter:data1\" content=\"1 minute\" \/>\n<script type=\"application\/ld+json\" class=\"yoast-schema-graph\">{\"@context\":\"https:\\\/\\\/schema.org\",\"@graph\":[{\"@type\":\"WebPage\",\"@id\":\"https:\\\/\\\/aepcna.fr\\\/site\\\/\",\"url\":\"https:\\\/\\\/aepcna.fr\\\/site\\\/\",\"name\":\"Au service de la transformation des acteurs du territoire ! - Association \u00c9conomique des Professionnels du Conseil de Nouvelle-Aquitaine\",\"isPartOf\":{\"@id\":\"https:\\\/\\\/aepcna.fr\\\/site\\\/#website\"},\"datePublished\":\"2024-07-04T08:14:35+00:00\",\"dateModified\":\"2024-12-20T12:08:11+00:00\",\"breadcrumb\":{\"@id\":\"https:\\\/\\\/aepcna.fr\\\/site\\\/#breadcrumb\"},\"inLanguage\":\"fr-FR\",\"potentialAction\":[{\"@type\":\"ReadAction\",\"target\":[\"https:\\\/\\\/aepcna.fr\\\/site\\\/\"]}]},{\"@type\":\"BreadcrumbList\",\"@id\":\"https:\\\/\\\/aepcna.fr\\\/site\\\/#breadcrumb\",\"itemListElement\":[{\"@type\":\"ListItem\",\"position\":1,\"name\":\"Accueil\",\"item\":\"https:\\\/\\\/aepcna.fr\\\/site\\\/\"},{\"@type\":\"ListItem\",\"position\":2,\"name\":\"Au service de la transformation des acteurs du territoire !\"}]},{\"@type\":\"WebSite\",\"@id\":\"https:\\\/\\\/aepcna.fr\\\/site\\\/#website\",\"url\":\"https:\\\/\\\/aepcna.fr\\\/site\\\/\",\"name\":\"Association \u00c9conomique des Professionnels du Conseil de Nouvelle-Aquitaine\",\"description\":\"Au service de la transformation des acteurs du territoire\",\"publisher\":{\"@id\":\"https:\\\/\\\/aepcna.fr\\\/site\\\/#organization\"},\"potentialAction\":[{\"@type\":\"SearchAction\",\"target\":{\"@type\":\"EntryPoint\",\"urlTemplate\":\"https:\\\/\\\/aepcna.fr\\\/site\\\/?s={search_term_string}\"},\"query-input\":{\"@type\":\"PropertyValueSpecification\",\"valueRequired\":true,\"valueName\":\"search_term_string\"}}],\"inLanguage\":\"fr-FR\"},{\"@type\":\"Organization\",\"@id\":\"https:\\\/\\\/aepcna.fr\\\/site\\\/#organization\",\"name\":\"Association \u00c9conomique des Professionnels du Conseil de Nouvelle-Aquitaine\",\"url\":\"https:\\\/\\\/aepcna.fr\\\/site\\\/\",\"logo\":{\"@type\":\"ImageObject\",\"inLanguage\":\"fr-FR\",\"@id\":\"https:\\\/\\\/aepcna.fr\\\/site\\\/#\\\/schema\\\/logo\\\/image\\\/\",\"url\":\"https:\\\/\\\/aepcna.fr\\\/site\\\/wp-content\\\/uploads\\\/2024\\\/07\\\/logo-AEPC-NA.png\",\"contentUrl\":\"https:\\\/\\\/aepcna.fr\\\/site\\\/wp-content\\\/uploads\\\/2024\\\/07\\\/logo-AEPC-NA.png\",\"width\":211,\"height\":79,\"caption\":\"Association \u00c9conomique des Professionnels du Conseil de Nouvelle-Aquitaine\"},\"image\":{\"@id\":\"https:\\\/\\\/aepcna.fr\\\/site\\\/#\\\/schema\\\/logo\\\/image\\\/\"}}]}<\/script>\n<!-- \/ Yoast SEO plugin. -->","yoast_head_json":{"title":"Au service de la transformation des acteurs du territoire ! - Association \u00c9conomique des Professionnels du Conseil de Nouvelle-Aquitaine","robots":{"index":"index","follow":"follow","max-snippet":"max-snippet:-1","max-image-preview":"max-image-preview:large","max-video-preview":"max-video-preview:-1"},"canonical":"https:\/\/aepcna.fr\/site\/","og_locale":"fr_FR","og_type":"article","og_title":"Au service de la transformation des acteurs du territoire ! - Association \u00c9conomique des Professionnels du Conseil de Nouvelle-Aquitaine","og_description":"Bienvenue sur le site officiel de l&rsquo;Association Economique des Professionnels du Conseil en en Nouvelle Aquitaine (AEPC NA) ! Nous sommes une association de consultants professionnels et passionn\u00e9s qui pensent que le collectif est une force et que nous devons soutenir les acteurs \u00e9conomiques locaux pour la durabilit\u00e9 de nos territoires. Que vous soyez une [&hellip;]","og_url":"https:\/\/aepcna.fr\/site\/","og_site_name":"Association \u00c9conomique des Professionnels du Conseil de Nouvelle-Aquitaine","article_modified_time":"2024-12-20T12:08:11+00:00","twitter_card":"summary_large_image","twitter_misc":{"Dur\u00e9e de lecture estim\u00e9e":"1 minute"},"schema":{"@context":"https:\/\/schema.org","@graph":[{"@type":"WebPage","@id":"https:\/\/aepcna.fr\/site\/","url":"https:\/\/aepcna.fr\/site\/","name":"Au service de la transformation des acteurs du territoire ! - Association \u00c9conomique des Professionnels du Conseil de Nouvelle-Aquitaine","isPartOf":{"@id":"https:\/\/aepcna.fr\/site\/#website"},"datePublished":"2024-07-04T08:14:35+00:00","dateModified":"2024-12-20T12:08:11+00:00","breadcrumb":{"@id":"https:\/\/aepcna.fr\/site\/#breadcrumb"},"inLanguage":"fr-FR","potentialAction":[{"@type":"ReadAction","target":["https:\/\/aepcna.fr\/site\/"]}]},{"@type":"BreadcrumbList","@id":"https:\/\/aepcna.fr\/site\/#breadcrumb","itemListElement":[{"@type":"ListItem","position":1,"name":"Accueil","item":"https:\/\/aepcna.fr\/site\/"},{"@type":"ListItem","position":2,"name":"Au service de la transformation des acteurs du territoire !"}]},{"@type":"WebSite","@id":"https:\/\/aepcna.fr\/site\/#website","url":"https:\/\/aepcna.fr\/site\/","name":"Association \u00c9conomique des Professionnels du Conseil de Nouvelle-Aquitaine","description":"Au service de la transformation des acteurs du territoire","publisher":{"@id":"https:\/\/aepcna.fr\/site\/#organization"},"potentialAction":[{"@type":"SearchAction","target":{"@type":"EntryPoint","urlTemplate":"https:\/\/aepcna.fr\/site\/?s={search_term_string}"},"query-input":{"@type":"PropertyValueSpecification","valueRequired":true,"valueName":"search_term_string"}}],"inLanguage":"fr-FR"},{"@type":"Organization","@id":"https:\/\/aepcna.fr\/site\/#organization","name":"Association \u00c9conomique des Professionnels du Conseil de Nouvelle-Aquitaine","url":"https:\/\/aepcna.fr\/site\/","logo":{"@type":"ImageObject","inLanguage":"fr-FR","@id":"https:\/\/aepcna.fr\/site\/#\/schema\/logo\/image\/","url":"https:\/\/aepcna.fr\/site\/wp-content\/uploads\/2024\/07\/logo-AEPC-NA.png","contentUrl":"https:\/\/aepcna.fr\/site\/wp-content\/uploads\/2024\/07\/logo-AEPC-NA.png","width":211,"height":79,"caption":"Association \u00c9conomique des Professionnels du Conseil de Nouvelle-Aquitaine"},"image":{"@id":"https:\/\/aepcna.fr\/site\/#\/schema\/logo\/image\/"}}]}},"_links":{"self":[{"href":"https:\/\/aepcna.fr\/site\/wp-json\/wp\/v2\/pages\/24","targetHints":{"allow":["GET"]}}],"collection":[{"href":"https:\/\/aepcna.fr\/site\/wp-json\/wp\/v2\/pages"}],"about":[{"href":"https:\/\/aepcna.fr\/site\/wp-json\/wp\/v2\/types\/page"}],"author":[{"embeddable":true,"href":"https:\/\/aepcna.fr\/site\/wp-json\/wp\/v2\/users\/4"}],"replies":[{"embeddable":true,"href":"https:\/\/aepcna.fr\/site\/wp-json\/wp\/v2\/comments?post=24"}],"version-history":[{"count":47,"href":"https:\/\/aepcna.fr\/site\/wp-json\/wp\/v2\/pages\/24\/revisions"}],"predecessor-version":[{"id":351,"href":"https:\/\/aepcna.fr\/site\/wp-json\/wp\/v2\/pages\/24\/revisions\/351"}],"wp:attachment":[{"href":"https:\/\/aepcna.fr\/site\/wp-json\/wp\/v2\/media?parent=24"}],"curies":[{"name":"wp","href":"https:\/\/api.w.org\/{rel}","templated":true}]}}